{"id":1328,"date":"2023-07-20T09:26:34","date_gmt":"2023-07-20T09:26:34","guid":{"rendered":"https:\/\/rumbopadel.com\/aviso-legal\/"},"modified":"2023-09-26T16:55:41","modified_gmt":"2023-09-26T16:55:41","slug":"legal","status":"publish","type":"page","link":"https:\/\/rumbopadel.com\/en\/legal\/","title":{"rendered":"Legal"},"content":{"rendered":"<p>[et_pb_section fb_built=&#8221;1&#8243; _builder_version=&#8221;4.21.0&#8243; _module_preset=&#8221;default&#8221; background_color=&#8221;#FFFFFF&#8221; global_colors_info=&#8221;{}&#8221;][et_pb_row _builder_version=&#8221;4.21.0&#8243; _module_preset=&#8221;default&#8221; global_colors_info=&#8221;{}&#8221;][et_pb_column type=&#8221;4_4&#8243; _builder_version=&#8221;4.21.0&#8243; _module_preset=&#8221;default&#8221; global_colors_info=&#8221;{}&#8221;][et_pb_text _builder_version=&#8221;4.21.0&#8243; _module_preset=&#8221;default&#8221; global_colors_info=&#8221;{}&#8221;]<\/p>\n<h1>LEY DE LOS SERVICIOS DE LA SOCIEDAD DE LA INFORMACI\u00d3N (LSSI)<\/h1>\n<p>&nbsp;<\/p>\n<p>Z&amp;R EXPERIENCE AGP SL. responsable del sitio web, en adelante RESPONSABLE, pone a disposici\u00f3n de los usuarios el presente documento, con el que pretende dar cumplimiento a las obligaciones dispuestas en la Ley 34\/2002, de 11 de julio, de Servicios de la Sociedad de la Informaci\u00f3n y de Comercio Electr\u00f3nico (LSSICE), BOE N.\u00ba 166, as\u00ed como informar a todos los usuarios del sitio web respecto a cu\u00e1les son las condiciones de uso.<\/p>\n<p>Toda persona que acceda a este sitio web asume el papel de usuario, comprometi\u00e9ndose a la observancia y cumplimiento riguroso de las disposiciones aqu\u00ed dispuestas, as\u00ed como a cualquier otra disposici\u00f3n legal que fuera de aplicaci\u00f3n.<\/p>\n<p>Z&amp;R EXPERIENCE AGP SL.se reserva el derecho de modificar cualquier tipo de informaci\u00f3n que pudiera aparecer en el sitio web, sin que exista obligaci\u00f3n de preavisar o poner en conocimiento de los usuarios dichas obligaciones, entendi\u00e9ndose como suficiente la publicaci\u00f3n en el sitio web de Z&amp;R EXPERIENCE AGP SL. . .<\/p>\n<h2>Datos identificativos<\/h2>\n<p>Nombre de dominio: rumbopadel.com<br \/>Nombre comercial: Rumbo P\u00e1del<br \/>Denominaci\u00f3n social: Z&amp;R EXPERIENCE AGP SL<br \/>NIF: B44787034<br \/>Domicilio social: C\/ C\u00f3rdoba, N\u00ba6 1\u00aa M\u00e1laga (29000), M\u00e1laga<br \/>Tel\u00e9fono: +34 662 333 537<br \/>e-mail: <a href=\"mailto:contacto@rumbopadel.com\">contacto@rumbopadel.com<\/a><\/p>\n<h2>Derechos de propiedad intelectual e industrial<\/h2>\n<p>El sitio web, incluyendo a t\u00edtulo enunciativo, pero no limitativo su programaci\u00f3n, edici\u00f3n, compilaci\u00f3n y dem\u00e1s elementos necesarios para su funcionamiento, los dise\u00f1os, logotipos, texto y\/o gr\u00e1ficos, son propiedad del RESPONSABLE o, si es el caso, dispone de licencia o autorizaci\u00f3n expresa por parte de los autores.<\/p>\n<p>Todos los contenidos del sitio web se encuentran debidamente protegidos por la normativa de propiedad intelectual e industrial, as\u00ed como inscritos en los registros p\u00fablicos correspondientes.<br \/>Independientemente de la finalidad para la que fueran destinados, la reproducci\u00f3n total o parcial, uso, explotaci\u00f3n y distribuci\u00f3n requiere en todo caso la autorizaci\u00f3n escrita previa por parte del RESPONSABLE. Cualquier uso no autorizado previamente se considera un incumplimiento grave de los derechos de propiedad intelectual o industrial del autor.<\/p>\n<p>Los dise\u00f1os, logotipos, texto y\/o gr\u00e1ficos ajenos al RESPONSABLE y que pudieran aparecer en el sitio web, pertenecen a sus respectivos propietarios, siendo ellos mismos responsables de cualquier posible controversia que pudiera suscitarse respecto a los mismos. El RESPONSABLE autoriza expresamente a que terceros puedan redirigir directamente a los contenidos concretos del sitio web, y en todo caso redirigir al sitio web principal www.rumbopadel.com<\/p>\n<p>El RESPONSABLE reconoce a favor de sus titulares los correspondientes derechos de propiedad intelectual e industrial, no implicando su sola menci\u00f3n o aparici\u00f3n en el sitio web la existencia de derechos o responsabilidad alguna sobre los mismos, como tampoco respaldo, patrocinio o recomendaci\u00f3n por parte del mismo.<\/p>\n<p>Para realizar cualquier tipo de observaci\u00f3n respecto a posibles incumplimientos de los derechos de propiedad intelectual o industrial, as\u00ed como sobre cualquiera de los contenidos del sitio web, puede hacerlo a trav\u00e9s del correo electr\u00f3nico <a href=\"mailto:contacto@rumbopadel.com\">contacto@rumbopadel.com<\/a><\/p>\n<h2>Exenci\u00f3n de responsabilidades<\/h2>\n<p>El RESPONSABLE se exime de cualquier tipo de responsabilidad derivada de la informaci\u00f3n publicada en su sitio web siempre que esta informaci\u00f3n haya sido manipulada o introducida por un tercero ajeno al mismo.<br \/>Ley aplicable y Jurisdicci\u00f3n.<\/p>\n<p>Para la resoluci\u00f3n de todas las controversias o cuestiones relacionadas con el presente sitio web o de las actividades en \u00e9l desarrolladas, ser\u00e1 de aplicaci\u00f3n la legislaci\u00f3n espa\u00f1ola, a la que se someten expresamente las partes, siendo competentes para la resoluci\u00f3n de todos los conflictos derivados o relacionados con su uso los Juzgados y Tribunales m\u00e1s cercanos a M\u00e1laga.<\/p>\n<p>[\/et_pb_text][\/et_pb_column][\/et_pb_row][\/et_pb_section]<\/p>\n","protected":false},"excerpt":{"rendered":"<p>LEY DE LOS SERVICIOS DE LA SOCIEDAD DE LA INFORMACI\u00d3N (LSSI) &nbsp; Z&amp;R EXPERIENCE AGP SL. responsable del sitio web, en adelante RESPONSABLE, pone a disposici\u00f3n de los usuarios el presente documento, con el que pretende dar cumplimiento a las obligaciones dispuestas en la Ley 34\/2002, de 11 de julio, de Servicios de la Sociedad [&hellip;]<\/p>\n","protected":false},"author":2,"featured_media":0,"parent":0,"menu_order":0,"comment_status":"closed","ping_status":"closed","template":"","meta":{"_et_pb_use_builder":"on","_et_pb_old_content":"","_et_gb_content_width":"","footnotes":""},"class_list":["post-1328","page","type-page","status-publish","hentry"],"yoast_head":"<!-- This site is optimized with the Yoast SEO plugin v21.0 - https:\/\/yoast.com\/wordpress\/plugins\/seo\/ -->\n<title>Legal | Rumbo Padel<\/title>\n<meta name=\"robots\" content=\"index, follow, max-snippet:-1, max-image-preview:large, max-video-preview:-1\" \/>\n<link rel=\"canonical\" href=\"https:\/\/rumbopadel.com\/en\/legal\/\" \/>\n<meta property=\"og:locale\" content=\"en_US\" \/>\n<meta property=\"og:type\" content=\"article\" \/>\n<meta property=\"og:title\" content=\"Legal | Rumbo Padel\" \/>\n<meta property=\"og:description\" content=\"LEY DE LOS SERVICIOS DE LA SOCIEDAD DE LA INFORMACI\u00d3N (LSSI) &nbsp; Z&amp;R EXPERIENCE AGP SL. responsable del sitio web, en adelante RESPONSABLE, pone a disposici\u00f3n de los usuarios el presente documento, con el que pretende dar cumplimiento a las obligaciones dispuestas en la Ley 34\/2002, de 11 de julio, de Servicios de la Sociedad [&hellip;]\" \/>\n<meta property=\"og:url\" content=\"https:\/\/rumbopadel.com\/en\/legal\/\" \/>\n<meta property=\"og:site_name\" content=\"Rumbo Padel\" \/>\n<meta property=\"article:modified_time\" content=\"2023-09-26T16:55:41+00:00\" \/>\n<meta name=\"twitter:card\" content=\"summary_large_image\" \/>\n<meta name=\"twitter:label1\" content=\"Est. reading time\" \/>\n\t<meta name=\"twitter:data1\" content=\"3 minutes\" \/>\n<script type=\"application\/ld+json\" class=\"yoast-schema-graph\">{\"@context\":\"https:\/\/schema.org\",\"@graph\":[{\"@type\":\"WebPage\",\"@id\":\"https:\/\/rumbopadel.com\/en\/legal\/\",\"url\":\"https:\/\/rumbopadel.com\/en\/legal\/\",\"name\":\"Legal | Rumbo Padel\",\"isPartOf\":{\"@id\":\"https:\/\/rumbopadel.com\/en\/#website\"},\"datePublished\":\"2023-07-20T09:26:34+00:00\",\"dateModified\":\"2023-09-26T16:55:41+00:00\",\"breadcrumb\":{\"@id\":\"https:\/\/rumbopadel.com\/en\/legal\/#breadcrumb\"},\"inLanguage\":\"en-US\",\"potentialAction\":[{\"@type\":\"ReadAction\",\"target\":[\"https:\/\/rumbopadel.com\/en\/legal\/\"]}]},{\"@type\":\"BreadcrumbList\",\"@id\":\"https:\/\/rumbopadel.com\/en\/legal\/#breadcrumb\",\"itemListElement\":[{\"@type\":\"ListItem\",\"position\":1,\"name\":\"Portada\",\"item\":\"https:\/\/rumbopadel.com\/en\/\"},{\"@type\":\"ListItem\",\"position\":2,\"name\":\"Legal\"}]},{\"@type\":\"WebSite\",\"@id\":\"https:\/\/rumbopadel.com\/en\/#website\",\"url\":\"https:\/\/rumbopadel.com\/en\/\",\"name\":\"Rumbo Padel\",\"description\":\"Para\u00edso del P\u00e1del en M\u00e1laga\",\"potentialAction\":[{\"@type\":\"SearchAction\",\"target\":{\"@type\":\"EntryPoint\",\"urlTemplate\":\"https:\/\/rumbopadel.com\/en\/?s={search_term_string}\"},\"query-input\":\"required name=search_term_string\"}],\"inLanguage\":\"en-US\"}]}<\/script>\n<!-- \/ Yoast SEO plugin. -->","yoast_head_json":{"title":"Legal | Rumbo Padel","robots":{"index":"index","follow":"follow","max-snippet":"max-snippet:-1","max-image-preview":"max-image-preview:large","max-video-preview":"max-video-preview:-1"},"canonical":"https:\/\/rumbopadel.com\/en\/legal\/","og_locale":"en_US","og_type":"article","og_title":"Legal | Rumbo Padel","og_description":"LEY DE LOS SERVICIOS DE LA SOCIEDAD DE LA INFORMACI\u00d3N (LSSI) &nbsp; Z&amp;R EXPERIENCE AGP SL. responsable del sitio web, en adelante RESPONSABLE, pone a disposici\u00f3n de los usuarios el presente documento, con el que pretende dar cumplimiento a las obligaciones dispuestas en la Ley 34\/2002, de 11 de julio, de Servicios de la Sociedad [&hellip;]","og_url":"https:\/\/rumbopadel.com\/en\/legal\/","og_site_name":"Rumbo Padel","article_modified_time":"2023-09-26T16:55:41+00:00","twitter_card":"summary_large_image","twitter_misc":{"Est. reading time":"3 minutes"},"schema":{"@context":"https:\/\/schema.org","@graph":[{"@type":"WebPage","@id":"https:\/\/rumbopadel.com\/en\/legal\/","url":"https:\/\/rumbopadel.com\/en\/legal\/","name":"Legal | Rumbo Padel","isPartOf":{"@id":"https:\/\/rumbopadel.com\/en\/#website"},"datePublished":"2023-07-20T09:26:34+00:00","dateModified":"2023-09-26T16:55:41+00:00","breadcrumb":{"@id":"https:\/\/rumbopadel.com\/en\/legal\/#breadcrumb"},"inLanguage":"en-US","potentialAction":[{"@type":"ReadAction","target":["https:\/\/rumbopadel.com\/en\/legal\/"]}]},{"@type":"BreadcrumbList","@id":"https:\/\/rumbopadel.com\/en\/legal\/#breadcrumb","itemListElement":[{"@type":"ListItem","position":1,"name":"Portada","item":"https:\/\/rumbopadel.com\/en\/"},{"@type":"ListItem","position":2,"name":"Legal"}]},{"@type":"WebSite","@id":"https:\/\/rumbopadel.com\/en\/#website","url":"https:\/\/rumbopadel.com\/en\/","name":"Rumbo Padel","description":"Para\u00edso del P\u00e1del en M\u00e1laga","potentialAction":[{"@type":"SearchAction","target":{"@type":"EntryPoint","urlTemplate":"https:\/\/rumbopadel.com\/en\/?s={search_term_string}"},"query-input":"required name=search_term_string"}],"inLanguage":"en-US"}]}},"_links":{"self":[{"href":"https:\/\/rumbopadel.com\/en\/wp-json\/wp\/v2\/pages\/1328","targetHints":{"allow":["GET"]}}],"collection":[{"href":"https:\/\/rumbopadel.com\/en\/wp-json\/wp\/v2\/pages"}],"about":[{"href":"https:\/\/rumbopadel.com\/en\/wp-json\/wp\/v2\/types\/page"}],"author":[{"embeddable":true,"href":"https:\/\/rumbopadel.com\/en\/wp-json\/wp\/v2\/users\/2"}],"replies":[{"embeddable":true,"href":"https:\/\/rumbopadel.com\/en\/wp-json\/wp\/v2\/comments?post=1328"}],"version-history":[{"count":4,"href":"https:\/\/rumbopadel.com\/en\/wp-json\/wp\/v2\/pages\/1328\/revisions"}],"predecessor-version":[{"id":1612,"href":"https:\/\/rumbopadel.com\/en\/wp-json\/wp\/v2\/pages\/1328\/revisions\/1612"}],"wp:attachment":[{"href":"https:\/\/rumbopadel.com\/en\/wp-json\/wp\/v2\/media?parent=1328"}],"curies":[{"name":"wp","href":"https:\/\/api.w.org\/{rel}","templated":true}]}}