{"id":1307,"date":"2023-07-18T15:47:24","date_gmt":"2023-07-18T15:47:24","guid":{"rendered":"https:\/\/rumbopadel.com\/club\/"},"modified":"2023-09-19T17:07:15","modified_gmt":"2023-09-19T17:07:15","slug":"club","status":"publish","type":"page","link":"https:\/\/rumbopadel.com\/en\/club\/","title":{"rendered":"Club"},"content":{"rendered":"<p>[et_pb_section fb_built=&#8221;1&#8243; admin_label=&#8221;Head&#8221; _builder_version=&#8221;4.21.0&#8243; _module_preset=&#8221;default&#8221; background_color=&#8221;#021C25&#8243; width=&#8221;96%&#8221; module_alignment=&#8221;center&#8221; custom_margin=&#8221;0px||1.5%||false|false&#8221; custom_padding=&#8221;1.5%||1.5%||true|false&#8221; border_radii=&#8221;on|15px|15px|15px|15px&#8221; global_colors_info=&#8221;{}&#8221;][et_pb_row column_structure=&#8221;1_2,1_2&#8243; use_custom_gutter=&#8221;on&#8221; gutter_width=&#8221;1&#8243; make_equal=&#8221;on&#8221; module_class=&#8221;column-reverse&#8221; _builder_version=&#8221;4.21.0&#8243; _module_preset=&#8221;default&#8221; background_color=&#8221;RGBA(255,255,255,0)&#8221; width=&#8221;92%&#8221; width_tablet=&#8221;92%&#8221; width_phone=&#8221;92%&#8221; width_last_edited=&#8221;on|tablet&#8221; module_alignment=&#8221;right&#8221; custom_padding=&#8221;0px|1%|0px||false|false&#8221; module_alignment_tablet=&#8221;center&#8221; module_alignment_phone=&#8221;center&#8221; module_alignment_last_edited=&#8221;on|phone&#8221; border_radii=&#8221;on|15px|15px|15px|15px&#8221; global_colors_info=&#8221;{}&#8221;][et_pb_column type=&#8221;1_2&#8243; _builder_version=&#8221;4.21.0&#8243; _module_preset=&#8221;default&#8221; custom_css_main_element=&#8221;display: flex;||flex-direction: column;||align-items: center;||justify-content: center;&#8221; global_colors_info=&#8221;{}&#8221;][et_pb_text module_class=&#8221;h1-to-h2&#8243; _builder_version=&#8221;4.21.0&#8243; _module_preset=&#8221;default&#8221; text_text_color=&#8221;#EBE9D9&#8243; header_text_color=&#8221;#EBE9D9&#8243; width=&#8221;67%&#8221; width_tablet=&#8221;67%&#8221; width_phone=&#8221;95%&#8221; width_last_edited=&#8221;on|phone&#8221; module_alignment=&#8221;left&#8221; custom_margin=&#8221;||||false|false&#8221; custom_margin_tablet=&#8221;10%||||false|false&#8221; custom_margin_phone=&#8221;10%||||false|false&#8221; custom_margin_last_edited=&#8221;on|phone&#8221; custom_padding=&#8221;|10%|||false|false&#8221; custom_padding_tablet=&#8221;|0%|10%||false|false&#8221; custom_padding_phone=&#8221;||10%||false|false&#8221; custom_padding_last_edited=&#8221;on|desktop&#8221; module_alignment_tablet=&#8221;left&#8221; module_alignment_phone=&#8221;left&#8221; module_alignment_last_edited=&#8221;on|phone&#8221; global_colors_info=&#8221;{}&#8221;]<\/p>\n<h1>Club Finura<\/h1>\n<p>An exclusive indoor padel club with <strong>7 panoramic climate-controlled courts <\/strong>equipped with <strong>STX Supercourt artificial turf<\/strong>.<\/p>\n<p>A <strong>comfortable and secure<\/strong> training environment throughout the year, ensuring you have a great playing experience.<\/p>\n<p>[\/et_pb_text][\/et_pb_column][et_pb_column type=&#8221;1_2&#8243; _builder_version=&#8221;4.21.0&#8243; _module_preset=&#8221;default&#8221; global_colors_info=&#8221;{}&#8221;][et_pb_video src=&#8221;https:\/\/rumbopadel.com\/wp-content\/uploads\/2023\/08\/Padel-Malaga-Club-Finura.mp4&#8243; image_src=&#8221;https:\/\/rumbopadel.com\/wp-content\/uploads\/2023\/08\/Club-Finura-Malaga.jpg&#8221; play_icon_color=&#8221;#ADFD75&#8243; font_icon=&#8221;&#xe04e;||divi||400&#8243; thumbnail_overlay_color=&#8221;RGBA(255,255,255,0)&#8221; _builder_version=&#8221;4.21.0&#8243; _module_preset=&#8221;default&#8221; border_radii=&#8221;on|15px|15px|15px|15px&#8221; global_colors_info=&#8221;{}&#8221; play_icon_color__hover_enabled=&#8221;on|desktop&#8221; play_icon_color__hover=&#8221;#ADFD75&#8243;][\/et_pb_video][\/et_pb_column][\/et_pb_row][\/et_pb_section][et_pb_section fb_built=&#8221;1&#8243; custom_padding_last_edited=&#8221;on|phone&#8221; admin_label=&#8221;Entrenadores&#8221; _builder_version=&#8221;4.21.0&#8243; _module_preset=&#8221;default&#8221; background_color=&#8221;#A7C7D5&#8243; width=&#8221;96%&#8221; module_alignment=&#8221;center&#8221; custom_margin=&#8221;1.5%||1.5%||true|false&#8221; custom_padding=&#8221;1.5%||1.5%||true|false&#8221; custom_padding_tablet=&#8221;3%||3%||true|false&#8221; custom_padding_phone=&#8221;5%||5%||true|false&#8221; border_radii=&#8221;on|15px|15px|15px|15px&#8221; global_colors_info=&#8221;{}&#8221;][et_pb_row custom_padding_last_edited=&#8221;on|phone&#8221; admin_label=&#8221;T\u00edtulo&#8221; _builder_version=&#8221;4.21.0&#8243; _module_preset=&#8221;default&#8221; custom_padding=&#8221;3%||3%||true|false&#8221; custom_padding_tablet=&#8221;5%||5%||true|false&#8221; custom_padding_phone=&#8221;5%||10%||false|false&#8221; global_colors_info=&#8221;{}&#8221;][et_pb_column type=&#8221;4_4&#8243; _builder_version=&#8221;4.21.0&#8243; _module_preset=&#8221;default&#8221; global_colors_info=&#8221;{}&#8221;][et_pb_text _builder_version=&#8221;4.21.0&#8243; _module_preset=&#8221;default&#8221; text_orientation=&#8221;center&#8221; global_colors_info=&#8221;{}&#8221;]<\/p>\n<h2>Professional coaches<\/h2>\n<p>[\/et_pb_text][et_pb_text _builder_version=&#8221;4.21.0&#8243; _module_preset=&#8221;default&#8221; text_orientation=&#8221;center&#8221; global_colors_info=&#8221;{}&#8221;]<\/p>\n<p>Highly skilled coaches to elevate your game to the next level.<\/p>\n<p>[\/et_pb_text][\/et_pb_column][\/et_pb_row][et_pb_row column_structure=&#8221;1_4,1_4,1_2&#8243; use_custom_gutter=&#8221;on&#8221; gutter_width=&#8221;1&#8243; make_equal=&#8221;on&#8221; admin_label=&#8221;Carlos Lobato&#8221; _builder_version=&#8221;4.21.0&#8243; _module_preset=&#8221;default&#8221; background_color=&#8221;#A7C7D5&#8243; width=&#8221;75%&#8221; width_tablet=&#8221;94%&#8221; width_phone=&#8221;94%&#8221; width_last_edited=&#8221;on|phone&#8221; border_width_top=&#8221;2px&#8221; border_color_top=&#8221;#021C25&#8243; border_width_bottom=&#8221;2px&#8221; border_color_bottom=&#8221;#021C25&#8243; global_colors_info=&#8221;{}&#8221;][et_pb_column type=&#8221;1_4&#8243; _builder_version=&#8221;4.21.0&#8243; _module_preset=&#8221;default&#8221; global_colors_info=&#8221;{}&#8221;][et_pb_image src=&#8221;https:\/\/rumbopadel.com\/wp-content\/uploads\/2023\/09\/Carlos-2.jpg&#8221; title_text=&#8221;Carlos-2&#8243; align=&#8221;center&#8221; module_class=&#8221;altura&#8221; _builder_version=&#8221;4.21.0&#8243; _module_preset=&#8221;default&#8221; hover_enabled=&#8221;0&#8243; border_radii=&#8221;on|15px|15px|15px|15px&#8221; global_colors_info=&#8221;{}&#8221; sticky_enabled=&#8221;0&#8243;][\/et_pb_image][\/et_pb_column][et_pb_column type=&#8221;1_4&#8243; _builder_version=&#8221;4.21.0&#8243; _module_preset=&#8221;default&#8221; global_colors_info=&#8221;{}&#8221;][et_pb_image src=&#8221;https:\/\/rumbopadel.com\/wp-content\/uploads\/2023\/09\/Carlos-1-1.jpg&#8221; title_text=&#8221;Carlos-1&#8243; align=&#8221;center&#8221; disabled_on=&#8221;on|off|off&#8221; module_class=&#8221;altura&#8221; _builder_version=&#8221;4.21.0&#8243; _module_preset=&#8221;default&#8221; hover_enabled=&#8221;0&#8243; border_radii=&#8221;on|15px|15px|15px|15px&#8221; global_colors_info=&#8221;{}&#8221; sticky_enabled=&#8221;0&#8243;][\/et_pb_image][\/et_pb_column][et_pb_column type=&#8221;1_2&#8243; _builder_version=&#8221;4.21.0&#8243; _module_preset=&#8221;default&#8221; global_colors_info=&#8221;{}&#8221;][et_pb_text _builder_version=&#8221;4.21.0&#8243; _module_preset=&#8221;default&#8221; width=&#8221;84%&#8221; width_tablet=&#8221;84%&#8221; width_phone=&#8221;95%&#8221; width_last_edited=&#8221;on|phone&#8221; module_alignment=&#8221;center&#8221; custom_margin_tablet=&#8221;8%||||false|false&#8221; custom_margin_phone=&#8221;&#8221; custom_margin_last_edited=&#8221;on|phone&#8221; global_colors_info=&#8221;{}&#8221;]<\/p>\n<h2>Carlos Mu\u00f1oz Jabato<\/h2>\n<p>[\/et_pb_text][et_pb_text _builder_version=&#8221;4.21.0&#8243; _module_preset=&#8221;default&#8221; width=&#8221;84%&#8221; width_tablet=&#8221;84%&#8221; width_phone=&#8221;95%&#8221; width_last_edited=&#8221;on|desktop&#8221; module_alignment=&#8221;center&#8221; custom_margin=&#8221;5%||||false|false&#8221; global_colors_info=&#8221;{}&#8221;]<\/p>\n<p>Padel Coach since 2005. Has coached players who are now pursuing their careers as professionals in the WPT. Notably, MOMO Gonzalez is one of them.<\/p>\n<p>Since 2013, he has balanced training with competing in first-category tournaments.<\/p>\n<p>&#8220;Able to bring out the maximum potential of each player.&#8221;<\/p>\n<p>[\/et_pb_text][et_pb_toggle title=&#8221;Achievements and Awards&#8221; open_toggle_background_color=&#8221;RGBA(255,255,255,0)&#8221; closed_toggle_background_color=&#8221;RGBA(255,255,255,0)&#8221; icon_color=&#8221;#021C25&#8243; toggle_icon=&#8221;&#x4c;||divi||400&#8243; use_icon_font_size=&#8221;on&#8221; icon_font_size=&#8221;32px&#8221; open_icon_color=&#8221;#021C25&#8243; open_toggle_icon=&#8221;&#x4b;||divi||400&#8243; open_use_icon_font_size=&#8221;on&#8221; open_icon_font_size=&#8221;32px&#8221; module_class=&#8221;p-min&#8221; _builder_version=&#8221;4.21.0&#8243; _module_preset=&#8221;default&#8221; title_level=&#8221;h4&#8243; title_font=&#8221;||||||||&#8221; width=&#8221;84%&#8221; width_tablet=&#8221;84%&#8221; width_phone=&#8221;95%&#8221; width_last_edited=&#8221;on|phone&#8221; module_alignment=&#8221;center&#8221; custom_margin=&#8221;5%||||false|false&#8221; custom_padding=&#8221;|0px||0px|false|false&#8221; custom_css_toggle_title=&#8221;font-family: %22Space Grotesk%22; ||font-weight: bold;||font-size: 24px !important;||text-transform:none;||color: #021c25;||&#8221; custom_css_toggle_content=&#8221;||&#8221; border_width_all=&#8221;0px&#8221; border_width_top=&#8221;2px&#8221; border_color_top=&#8221;#021C25&#8243; border_width_bottom=&#8221;2px&#8221; border_color_bottom=&#8221;#021C25&#8243; global_colors_info=&#8221;{}&#8221; custom_css_main_element_last_edited=&#8221;on|desktop&#8221;]<\/p>\n<p>Professional Padel Pro Tour player in 2011, ranked 94th in the world.<\/p>\n<p>Winner of the Andalusian Team Championship in the 2nd category in 2011, playing on a team with players like Jordi Mu\u00f1oz, Alvaro Cepero, Guillermo Demeaniuk, Aday Santana, German Tamames, and other players.<\/p>\n<p>Winner of the Andalusia Mixed Doubles Championship in 2009.<\/p>\n<p>Two-time champion of the absolute Mixed Doubles provincial championship in Malaga in 2009 and 2010.<\/p>\n<p>Winner of the Spain Team Championship in the 3rd category with Mystica.<\/p>\n<p>Captain of junior team, achieving 2 runner-up titles in Andalusia and 1 runner-up title in Spain coaching players such as Marta Ortega, Ari Sanchez, Bea Gonzalez, Alejandro Ru\u00edz, Momo Gonzalez, Teo Zapata, among others.<\/p>\n<p>Certified national coach since 2005.<\/p>\n<p>Certified national trainer since 2008.<\/p>\n<p>Leader and winner of the Andalusia junior team championship.<\/p>\n<p>Capit\u00e1n campe\u00f3n de Espa\u00f1a de menores por equipos.<\/p>\n<p>[\/et_pb_toggle][\/et_pb_column][\/et_pb_row][et_pb_row column_structure=&#8221;1_4,1_4,1_2&#8243; use_custom_gutter=&#8221;on&#8221; gutter_width=&#8221;1&#8243; make_equal=&#8221;on&#8221; admin_label=&#8221;Zeus&#8221; _builder_version=&#8221;4.21.0&#8243; _module_preset=&#8221;default&#8221; background_color=&#8221;#A7C7D5&#8243; width=&#8221;75%&#8221; width_tablet=&#8221;94%&#8221; width_phone=&#8221;94%&#8221; width_last_edited=&#8221;on|phone&#8221; border_color_top=&#8221;#021C25&#8243; border_color_bottom=&#8221;#021C25&#8243; global_colors_info=&#8221;{}&#8221;][et_pb_column type=&#8221;1_4&#8243; _builder_version=&#8221;4.21.0&#8243; _module_preset=&#8221;default&#8221; global_colors_info=&#8221;{}&#8221;][et_pb_image src=&#8221;https:\/\/rumbopadel.com\/wp-content\/uploads\/2023\/08\/Zeus-1.jpg&#8221; title_text=&#8221;Zeus S\u00e1nchez&#8221; align=&#8221;center&#8221; module_class=&#8221;altura&#8221; _builder_version=&#8221;4.21.0&#8243; _module_preset=&#8221;default&#8221; border_radii=&#8221;on|15px|15px|15px|15px&#8221; global_colors_info=&#8221;{}&#8221;][\/et_pb_image][\/et_pb_column][et_pb_column type=&#8221;1_4&#8243; _builder_version=&#8221;4.21.0&#8243; _module_preset=&#8221;default&#8221; global_colors_info=&#8221;{}&#8221;][et_pb_image src=&#8221;https:\/\/rumbopadel.com\/wp-content\/uploads\/2023\/08\/Zeus-2.jpg&#8221; title_text=&#8221;Zeus S\u00e1nchez&#8221; align=&#8221;center&#8221; src_tablet=&#8221;https:\/\/rumbopadel.com\/wp-content\/uploads\/2023\/08\/Zeus-2.jpg&#8221; src_phone=&#8221;https:\/\/rumbopadel.com\/wp-content\/uploads\/2023\/08\/Zeus-2.jpg&#8221; src_last_edited=&#8221;on|desktop&#8221; disabled_on=&#8221;on|off|off&#8221; module_class=&#8221;altura&#8221; _builder_version=&#8221;4.21.0&#8243; _module_preset=&#8221;default&#8221; border_radii=&#8221;on|15px|15px|15px|15px&#8221; global_colors_info=&#8221;{}&#8221;][\/et_pb_image][\/et_pb_column][et_pb_column type=&#8221;1_2&#8243; _builder_version=&#8221;4.21.0&#8243; _module_preset=&#8221;default&#8221; global_colors_info=&#8221;{}&#8221;][et_pb_text _builder_version=&#8221;4.21.0&#8243; _module_preset=&#8221;default&#8221; width=&#8221;84%&#8221; width_tablet=&#8221;84%&#8221; width_phone=&#8221;95%&#8221; width_last_edited=&#8221;on|phone&#8221; module_alignment=&#8221;center&#8221; custom_margin_tablet=&#8221;8%||||false|false&#8221; custom_margin_phone=&#8221;&#8221; custom_margin_last_edited=&#8221;on|phone&#8221; global_colors_info=&#8221;{}&#8221;]<\/p>\n<h2>Zeus S\u00e1nchez<\/h2>\n<p>[\/et_pb_text][et_pb_text _builder_version=&#8221;4.21.0&#8243; _module_preset=&#8221;default&#8221; width=&#8221;84%&#8221; width_tablet=&#8221;84%&#8221; width_phone=&#8221;95%&#8221; width_last_edited=&#8221;on|desktop&#8221; module_alignment=&#8221;center&#8221; custom_margin=&#8221;5%||||false|false&#8221; global_colors_info=&#8221;{}&#8221;]<\/p>\n<p>Starting from 2009, he has been connected to padel, participating in both competitive play and coaching.<\/p>\n<p>He has journeyed across the globe, having the privilege of contributing to the expansion of padel in locations such as Netherlands, Belgium, Senegal, Dakar, and presently in Monaco.<\/p>\n<p>With deep love for this sport, imparts his enthusiasm and viewpoint of padel to his students, instilling values and delivering top-tier coaching.<\/p>\n<p>[\/et_pb_text][et_pb_toggle title=&#8221;Achievements and Awards&#8221; open_toggle_background_color=&#8221;RGBA(255,255,255,0)&#8221; closed_toggle_background_color=&#8221;RGBA(255,255,255,0)&#8221; icon_color=&#8221;#021C25&#8243; toggle_icon=&#8221;&#x4c;||divi||400&#8243; use_icon_font_size=&#8221;on&#8221; icon_font_size=&#8221;32px&#8221; open_icon_color=&#8221;#021C25&#8243; open_toggle_icon=&#8221;&#x4b;||divi||400&#8243; open_use_icon_font_size=&#8221;on&#8221; open_icon_font_size=&#8221;32px&#8221; module_class=&#8221;p-min&#8221; _builder_version=&#8221;4.21.0&#8243; _module_preset=&#8221;default&#8221; title_level=&#8221;h4&#8243; title_font=&#8221;||||||||&#8221; width=&#8221;84%&#8221; width_tablet=&#8221;84%&#8221; width_phone=&#8221;95%&#8221; width_last_edited=&#8221;on|phone&#8221; module_alignment=&#8221;center&#8221; custom_margin=&#8221;5%||||false|false&#8221; custom_padding=&#8221;|0px||0px|false|false&#8221; custom_css_toggle_title=&#8221;font-family: %22Space Grotesk%22; ||font-weight: bold;||font-size: 24px !important;||text-transform:none;||color: #021c25;||&#8221; custom_css_toggle_content=&#8221;||&#8221; border_width_all=&#8221;0px&#8221; border_width_top=&#8221;2px&#8221; border_color_top=&#8221;#021C25&#8243; border_width_bottom=&#8221;2px&#8221; border_color_bottom=&#8221;#021C25&#8243; global_colors_info=&#8221;{}&#8221; custom_css_main_element_last_edited=&#8221;on|desktop&#8221;]<\/p>\n<p>Certified National Padel Coach (2009) accredited by the Spanish Padel Federation (FEP).<\/p>\n<p>International Padel Ambassador in the Netherlands, Belgium, Senegal, Dakar, and Monaco.<\/p>\n<p>Competitor in the A1Tour circuit.<\/p>\n<p>Coach for the Monaco Padel Federation.<\/p>\n<p>In charge of sports management and padel school operation since 2010.<\/p>\n<p>Training of juniors since 2009.<br \/>15 years of experience.<\/p>\n<p>[\/et_pb_toggle][\/et_pb_column][\/et_pb_row][\/et_pb_section][et_pb_section fb_built=&#8221;1&#8243; admin_label=&#8221;Galeria de fotos&#8221; _builder_version=&#8221;4.21.0&#8243; _module_preset=&#8221;default&#8221; background_color=&#8221;#EBE9D9&#8243; width=&#8221;96%&#8221; module_alignment=&#8221;center&#8221; custom_margin=&#8221;1.5%||1.5%||true|false&#8221; custom_padding=&#8221;1.5%||1.5%||true|false&#8221; border_radii=&#8221;on|15px|15px|15px|15px&#8221; collapsed=&#8221;on&#8221; global_colors_info=&#8221;{}&#8221;][et_pb_row _builder_version=&#8221;4.21.0&#8243; _module_preset=&#8221;default&#8221; background_color=&#8221;#EBE9D9&#8243; width=&#8221;96%&#8221; border_radii=&#8221;on|15px|15px|15px|15px&#8221; global_colors_info=&#8221;{}&#8221;][et_pb_column type=&#8221;4_4&#8243; _builder_version=&#8221;4.21.0&#8243; _module_preset=&#8221;default&#8221; global_colors_info=&#8221;{}&#8221;][ds_masonry_gallery images=&#8221;1492,1490,1488,1486,1484,1482,1480,1476&#8243; show_lightbox=&#8221;off&#8221; icon_in_overlay=&#8221;off&#8221; gutter=&#8221;7&#8243; fix_lazy=&#8221;on&#8221; image_animation_speed=&#8221;400ms&#8221; columns_tablet=&#8221;3&#8243; columns_phone=&#8221;2&#8243; columns_last_edited=&#8221;on|phone&#8221; gutter_tablet=&#8221;7&#8243; gutter_phone=&#8221;4&#8243; gutter_last_edited=&#8221;on|phone&#8221; _builder_version=&#8221;4.21.0&#8243; _module_preset=&#8221;default&#8221; animation_style=&#8221;slide&#8221; animation_direction=&#8221;right&#8221; animation_intensity_slide=&#8221;3%&#8221; border_radii_grid_item=&#8221;on|8px|8px|8px|8px&#8221; global_colors_info=&#8221;{}&#8221;][\/ds_masonry_gallery][\/et_pb_column][\/et_pb_row][\/et_pb_section]<\/p>\n","protected":false},"excerpt":{"rendered":"<p>Club Finura An exclusive indoor padel club with 7 panoramic climate-controlled courts equipped with STX Supercourt artificial turf. A comfortable and secure training environment throughout the year, ensuring you have a great playing experience.Professional coachesHighly skilled coaches to elevate your game to the next level.Carlos Mu\u00f1oz JabatoPadel Coach since 2005. Has coached players who are [&hellip;]<\/p>\n","protected":false},"author":2,"featured_media":0,"parent":0,"menu_order":0,"comment_status":"closed","ping_status":"closed","template":"","meta":{"_et_pb_use_builder":"on","_et_pb_old_content":"","_et_gb_content_width":"","footnotes":""},"class_list":["post-1307","page","type-page","status-publish","hentry"],"yoast_head":"<!-- This site is optimized with the Yoast SEO plugin v21.0 - https:\/\/yoast.com\/wordpress\/plugins\/seo\/ -->\n<title>Discover the Club | Rumbo Padel<\/title>\n<meta name=\"description\" content=\"A comfortable and secure training environment throughout the year, ensuring you have a great playing experience.\" \/>\n<meta name=\"robots\" content=\"index, follow, max-snippet:-1, max-image-preview:large, max-video-preview:-1\" \/>\n<link rel=\"canonical\" href=\"https:\/\/rumbopadel.com\/en\/club\/\" \/>\n<meta property=\"og:locale\" content=\"en_US\" \/>\n<meta property=\"og:type\" content=\"article\" \/>\n<meta property=\"og:title\" content=\"Discover the Club | Rumbo Padel\" \/>\n<meta property=\"og:description\" content=\"A comfortable and secure training environment throughout the year, ensuring you have a great playing experience.\" \/>\n<meta property=\"og:url\" content=\"https:\/\/rumbopadel.com\/en\/club\/\" \/>\n<meta property=\"og:site_name\" content=\"Rumbo Padel\" \/>\n<meta property=\"article:modified_time\" content=\"2023-09-19T17:07:15+00:00\" \/>\n<meta name=\"twitter:card\" content=\"summary_large_image\" \/>\n<meta name=\"twitter:label1\" content=\"Est. reading time\" \/>\n\t<meta name=\"twitter:data1\" content=\"9 minutes\" \/>\n<script type=\"application\/ld+json\" class=\"yoast-schema-graph\">{\"@context\":\"https:\/\/schema.org\",\"@graph\":[{\"@type\":\"WebPage\",\"@id\":\"https:\/\/rumbopadel.com\/en\/club\/\",\"url\":\"https:\/\/rumbopadel.com\/en\/club\/\",\"name\":\"Discover the Club | Rumbo Padel\",\"isPartOf\":{\"@id\":\"https:\/\/rumbopadel.com\/en\/#website\"},\"datePublished\":\"2023-07-18T15:47:24+00:00\",\"dateModified\":\"2023-09-19T17:07:15+00:00\",\"description\":\"A comfortable and secure training environment throughout the year, ensuring you have a great playing experience.\",\"breadcrumb\":{\"@id\":\"https:\/\/rumbopadel.com\/en\/club\/#breadcrumb\"},\"inLanguage\":\"en-US\",\"potentialAction\":[{\"@type\":\"ReadAction\",\"target\":[\"https:\/\/rumbopadel.com\/en\/club\/\"]}]},{\"@type\":\"BreadcrumbList\",\"@id\":\"https:\/\/rumbopadel.com\/en\/club\/#breadcrumb\",\"itemListElement\":[{\"@type\":\"ListItem\",\"position\":1,\"name\":\"Portada\",\"item\":\"https:\/\/rumbopadel.com\/en\/\"},{\"@type\":\"ListItem\",\"position\":2,\"name\":\"Club\"}]},{\"@type\":\"WebSite\",\"@id\":\"https:\/\/rumbopadel.com\/en\/#website\",\"url\":\"https:\/\/rumbopadel.com\/en\/\",\"name\":\"Rumbo Padel\",\"description\":\"Para\u00edso del P\u00e1del en M\u00e1laga\",\"potentialAction\":[{\"@type\":\"SearchAction\",\"target\":{\"@type\":\"EntryPoint\",\"urlTemplate\":\"https:\/\/rumbopadel.com\/en\/?s={search_term_string}\"},\"query-input\":\"required name=search_term_string\"}],\"inLanguage\":\"en-US\"}]}<\/script>\n<!-- \/ Yoast SEO plugin. -->","yoast_head_json":{"title":"Discover the Club | Rumbo Padel","description":"A comfortable and secure training environment throughout the year, ensuring you have a great playing experience.","robots":{"index":"index","follow":"follow","max-snippet":"max-snippet:-1","max-image-preview":"max-image-preview:large","max-video-preview":"max-video-preview:-1"},"canonical":"https:\/\/rumbopadel.com\/en\/club\/","og_locale":"en_US","og_type":"article","og_title":"Discover the Club | Rumbo Padel","og_description":"A comfortable and secure training environment throughout the year, ensuring you have a great playing experience.","og_url":"https:\/\/rumbopadel.com\/en\/club\/","og_site_name":"Rumbo Padel","article_modified_time":"2023-09-19T17:07:15+00:00","twitter_card":"summary_large_image","twitter_misc":{"Est. reading time":"9 minutes"},"schema":{"@context":"https:\/\/schema.org","@graph":[{"@type":"WebPage","@id":"https:\/\/rumbopadel.com\/en\/club\/","url":"https:\/\/rumbopadel.com\/en\/club\/","name":"Discover the Club | Rumbo Padel","isPartOf":{"@id":"https:\/\/rumbopadel.com\/en\/#website"},"datePublished":"2023-07-18T15:47:24+00:00","dateModified":"2023-09-19T17:07:15+00:00","description":"A comfortable and secure training environment throughout the year, ensuring you have a great playing experience.","breadcrumb":{"@id":"https:\/\/rumbopadel.com\/en\/club\/#breadcrumb"},"inLanguage":"en-US","potentialAction":[{"@type":"ReadAction","target":["https:\/\/rumbopadel.com\/en\/club\/"]}]},{"@type":"BreadcrumbList","@id":"https:\/\/rumbopadel.com\/en\/club\/#breadcrumb","itemListElement":[{"@type":"ListItem","position":1,"name":"Portada","item":"https:\/\/rumbopadel.com\/en\/"},{"@type":"ListItem","position":2,"name":"Club"}]},{"@type":"WebSite","@id":"https:\/\/rumbopadel.com\/en\/#website","url":"https:\/\/rumbopadel.com\/en\/","name":"Rumbo Padel","description":"Para\u00edso del P\u00e1del en M\u00e1laga","potentialAction":[{"@type":"SearchAction","target":{"@type":"EntryPoint","urlTemplate":"https:\/\/rumbopadel.com\/en\/?s={search_term_string}"},"query-input":"required name=search_term_string"}],"inLanguage":"en-US"}]}},"_links":{"self":[{"href":"https:\/\/rumbopadel.com\/en\/wp-json\/wp\/v2\/pages\/1307","targetHints":{"allow":["GET"]}}],"collection":[{"href":"https:\/\/rumbopadel.com\/en\/wp-json\/wp\/v2\/pages"}],"about":[{"href":"https:\/\/rumbopadel.com\/en\/wp-json\/wp\/v2\/types\/page"}],"author":[{"embeddable":true,"href":"https:\/\/rumbopadel.com\/en\/wp-json\/wp\/v2\/users\/2"}],"replies":[{"embeddable":true,"href":"https:\/\/rumbopadel.com\/en\/wp-json\/wp\/v2\/comments?post=1307"}],"version-history":[{"count":13,"href":"https:\/\/rumbopadel.com\/en\/wp-json\/wp\/v2\/pages\/1307\/revisions"}],"predecessor-version":[{"id":1606,"href":"https:\/\/rumbopadel.com\/en\/wp-json\/wp\/v2\/pages\/1307\/revisions\/1606"}],"wp:attachment":[{"href":"https:\/\/rumbopadel.com\/en\/wp-json\/wp\/v2\/media?parent=1307"}],"curies":[{"name":"wp","href":"https:\/\/api.w.org\/{rel}","templated":true}]}}