{"id":1303,"date":"2023-07-18T15:47:54","date_gmt":"2023-07-18T15:47:54","guid":{"rendered":"https:\/\/rumbopadel.com\/contact\/"},"modified":"2023-09-26T16:54:04","modified_gmt":"2023-09-26T16:54:04","slug":"contact","status":"publish","type":"page","link":"https:\/\/rumbopadel.com\/en\/contact\/","title":{"rendered":"Contact"},"content":{"rendered":"<p>[et_pb_section fb_built=&#8221;1&#8243; _builder_version=&#8221;4.21.0&#8243; _module_preset=&#8221;default&#8221; background_color=&#8221;#021C25&#8243; width=&#8221;96%&#8221; module_alignment=&#8221;center&#8221; custom_margin=&#8221;0px||0px||true|false&#8221; custom_padding=&#8221;0px||0px||true|false&#8221; border_radii=&#8221;on|15px|15px|15px|15px&#8221; global_colors_info=&#8221;{}&#8221;][et_pb_row column_structure=&#8221;2_5,3_5&#8243; make_equal=&#8221;on&#8221; custom_padding_last_edited=&#8221;on|phone&#8221; _builder_version=&#8221;4.21.0&#8243; _module_preset=&#8221;default&#8221; background_color=&#8221;#021C25&#8243; width=&#8221;96%&#8221; custom_margin=&#8221;0px||0px||false|false&#8221; custom_padding=&#8221;0px||0px||false|false&#8221; custom_padding_tablet=&#8221;5%||5%||true|false&#8221; custom_padding_phone=&#8221;5%||5%||true|false&#8221; border_radii=&#8221;on|15px|15px|15px|15px&#8221; global_colors_info=&#8221;{}&#8221;][et_pb_column type=&#8221;2_5&#8243; _builder_version=&#8221;4.21.0&#8243; _module_preset=&#8221;default&#8221; custom_padding=&#8221;5%|5%|5%|5%|true|true&#8221; global_colors_info=&#8221;{}&#8221;][et_pb_text _builder_version=&#8221;4.21.0&#8243; _module_preset=&#8221;default&#8221; text_text_color=&#8221;#EBE9D9&#8243; link_text_color=&#8221;#A7C7D5&#8243; header_text_color=&#8221;#EBE9D9&#8243; custom_margin=&#8221;||||false|false&#8221; hover_enabled=&#8221;0&#8243; global_colors_info=&#8221;{}&#8221; sticky_enabled=&#8221;0&#8243;]<\/p>\n<h1>Contact the team<\/h1>\n<p>Feel free to share your questions with us using this form.<\/p>\n<p>Or if you prefer&#8230;<\/p>\n<p><strong>Experiences and Events<\/strong><br \/><a href=\"mailto:reservas@rumbopadel.com\">reservas@rumbopadel.com<\/a><\/p>\n<p><strong>Consultations:<\/strong><br \/><a href=\"mailto:contacto@rumbopadel.com\">contacto@rumbopadel.com<\/a><\/p>\n<p>Phone: <a href=\"tel:+34662333537\">+34 662 33 35 37<\/a><\/p>\n<p>[\/et_pb_text][\/et_pb_column][et_pb_column type=&#8221;3_5&#8243; _builder_version=&#8221;4.21.0&#8243; _module_preset=&#8221;default&#8221; custom_padding=&#8221;5%|5%|5%|5%|true|true&#8221; global_colors_info=&#8221;{}&#8221;][et_pb_text _builder_version=&#8221;4.21.0&#8243; _module_preset=&#8221;default&#8221; text_text_color=&#8221;#EBE9D9&#8243; header_2_text_color=&#8221;#EBE9D9&#8243; header_3_text_color=&#8221;#EBE9D9&#8243; global_colors_info=&#8221;{}&#8221;]<\/p>\n<h3>Contact Form<\/h3>\n<p>[\/et_pb_text][et_pb_contact_form email=&#8221;contacto@rumbopadel.com&#8221; custom_message=&#8221;Has recibido un mensaje a trav\u00e9s del FORMULARIO DE CONTACTO de la web:||et_pb_line_break_holder||||et_pb_line_break_holder||Nombre: %%Nombre%%||et_pb_line_break_holder||Email: %%Email%%||et_pb_line_break_holder||||et_pb_line_break_holder||Mensaje: %%Mensaje%%||et_pb_line_break_holder||||et_pb_line_break_holder||__||et_pb_line_break_holder||||et_pb_line_break_holder||Puedes responder a este mensaje utilizando el email proporcionado en el formulario.&#8221; success_message=&#8221;Your message has been sent successfully!&#8221; _builder_version=&#8221;4.21.0&#8243; _module_preset=&#8221;default&#8221; _unique_id=&#8221;3187d345-4708-43a9-b4c7-4f80957e5913&#8243; form_field_background_color=&#8221;#021C25&#8243; form_field_text_color=&#8221;#FFFFFF&#8221; form_field_focus_background_color=&#8221;#021C25&#8243; form_field_focus_text_color=&#8221;#FFFFFF&#8221; title_text_color=&#8221;#EBE9D9&#8243; captcha_text_color=&#8221;#EBE9D9&#8243; form_field_font_size=&#8221;20px&#8221; border_color_all=&#8221;#EBE9D9&#8243; border_width_bottom=&#8221;3px&#8221; global_colors_info=&#8221;{}&#8221;][et_pb_contact_field field_id=&#8221;Nombre&#8221; field_title=&#8221;Name&#8221; _builder_version=&#8221;4.21.0&#8243; global_colors_info=&#8221;{}&#8221; button_text_size__hover_enabled=&#8221;off&#8221; button_one_text_size__hover_enabled=&#8221;off&#8221; button_two_text_size__hover_enabled=&#8221;off&#8221; button_text_color__hover_enabled=&#8221;off&#8221; button_one_text_color__hover_enabled=&#8221;off&#8221; button_two_text_color__hover_enabled=&#8221;off&#8221; button_border_width__hover_enabled=&#8221;off&#8221; button_one_border_width__hover_enabled=&#8221;off&#8221; button_two_border_width__hover_enabled=&#8221;off&#8221; button_border_color__hover_enabled=&#8221;off&#8221; button_one_border_color__hover_enabled=&#8221;off&#8221; button_two_border_color__hover_enabled=&#8221;off&#8221; button_border_radius__hover_enabled=&#8221;off&#8221; button_one_border_radius__hover_enabled=&#8221;off&#8221; button_two_border_radius__hover_enabled=&#8221;off&#8221; button_letter_spacing__hover_enabled=&#8221;off&#8221; button_one_letter_spacing__hover_enabled=&#8221;off&#8221; button_two_letter_spacing__hover_enabled=&#8221;off&#8221; button_bg_color__hover_enabled=&#8221;off&#8221; button_one_bg_color__hover_enabled=&#8221;off&#8221; button_two_bg_color__hover_enabled=&#8221;off&#8221;][\/et_pb_contact_field][et_pb_contact_field field_id=&#8221;Email&#8221; field_title=&#8221;Email&#8221; field_type=&#8221;email&#8221; _builder_version=&#8221;4.21.0&#8243; global_colors_info=&#8221;{}&#8221; button_text_size__hover_enabled=&#8221;off&#8221; button_one_text_size__hover_enabled=&#8221;off&#8221; button_two_text_size__hover_enabled=&#8221;off&#8221; button_text_color__hover_enabled=&#8221;off&#8221; button_one_text_color__hover_enabled=&#8221;off&#8221; button_two_text_color__hover_enabled=&#8221;off&#8221; button_border_width__hover_enabled=&#8221;off&#8221; button_one_border_width__hover_enabled=&#8221;off&#8221; button_two_border_width__hover_enabled=&#8221;off&#8221; button_border_color__hover_enabled=&#8221;off&#8221; button_one_border_color__hover_enabled=&#8221;off&#8221; button_two_border_color__hover_enabled=&#8221;off&#8221; button_border_radius__hover_enabled=&#8221;off&#8221; button_one_border_radius__hover_enabled=&#8221;off&#8221; button_two_border_radius__hover_enabled=&#8221;off&#8221; button_letter_spacing__hover_enabled=&#8221;off&#8221; button_one_letter_spacing__hover_enabled=&#8221;off&#8221; button_two_letter_spacing__hover_enabled=&#8221;off&#8221; button_bg_color__hover_enabled=&#8221;off&#8221; button_one_bg_color__hover_enabled=&#8221;off&#8221; button_two_bg_color__hover_enabled=&#8221;off&#8221;][\/et_pb_contact_field][et_pb_contact_field field_id=&#8221;Mensaje&#8221; field_title=&#8221;Message&#8221; field_type=&#8221;text&#8221; fullwidth_field=&#8221;on&#8221; _builder_version=&#8221;4.21.0&#8243; global_colors_info=&#8221;{}&#8221; button_text_size__hover_enabled=&#8221;off&#8221; button_one_text_size__hover_enabled=&#8221;off&#8221; button_two_text_size__hover_enabled=&#8221;off&#8221; button_text_color__hover_enabled=&#8221;off&#8221; button_one_text_color__hover_enabled=&#8221;off&#8221; button_two_text_color__hover_enabled=&#8221;off&#8221; button_border_width__hover_enabled=&#8221;off&#8221; button_one_border_width__hover_enabled=&#8221;off&#8221; button_two_border_width__hover_enabled=&#8221;off&#8221; button_border_color__hover_enabled=&#8221;off&#8221; button_one_border_color__hover_enabled=&#8221;off&#8221; button_two_border_color__hover_enabled=&#8221;off&#8221; button_border_radius__hover_enabled=&#8221;off&#8221; button_one_border_radius__hover_enabled=&#8221;off&#8221; button_two_border_radius__hover_enabled=&#8221;off&#8221; button_letter_spacing__hover_enabled=&#8221;off&#8221; button_one_letter_spacing__hover_enabled=&#8221;off&#8221; button_two_letter_spacing__hover_enabled=&#8221;off&#8221; button_bg_color__hover_enabled=&#8221;off&#8221; button_one_bg_color__hover_enabled=&#8221;off&#8221; button_two_bg_color__hover_enabled=&#8221;off&#8221;][\/et_pb_contact_field][et_pb_contact_field field_id=&#8221;RGPD&#8221; field_title=&#8221; &#8221; field_type=&#8221;checkbox&#8221; checkbox_options=&#8221;%91{%22value%22:%22I have read and agreed the Privacy Policy. %22,%22checked%22:0,%22dragID%22:-1,%22link_url%22:%22https:\/\/rumbopadel.com\/politica-privacidad-cookies\/%22}%93&#8243; fullwidth_field=&#8221;on&#8221; _builder_version=&#8221;4.21.0&#8243; _module_preset=&#8221;default&#8221; border_width_all=&#8221;2px&#8221; global_colors_info=&#8221;{}&#8221;][\/et_pb_contact_field][\/et_pb_contact_form][et_pb_text module_class=&#8221;p-extramin&#8221; _builder_version=&#8221;4.21.0&#8243; _module_preset=&#8221;default&#8221; text_text_color=&#8221;#EBE9D9&#8243; link_text_color=&#8221;#A7C7D5&#8243; text_orientation=&#8221;justified&#8221; global_colors_info=&#8221;{}&#8221;]<\/p>\n<p><strong>Z&amp;R EXPERIENCE AGP SL<\/strong> is the data controller for the personal data of data subject. <strong>Processing purposes:<\/strong> Maintaining a business relationship and sending service-related communications with the data subject&#8217;s consent. <strong>Legitimacy of processing:<\/strong> With the data subject&#8217;s consent. <strong>Data sharing:<\/strong> We will not share your information with third parties, except for third-party owned cookies or when legally obligated. <strong>User&#8217;s entitlements:<\/strong> The right to revoke consent, access, rectify, portability, and delete their data, as well as the right to restrict or object to its processing. <strong>Contact information to exercise your rights:<\/strong>Email: contacto@rumbopadel.com. You can find additional information about our data protection policy here: <a href=\"https:\/\/rumbopadel.com\/en\/privacy-policy\/\">Privacy Policy<\/a><\/p>\n<p>[\/et_pb_text][\/et_pb_column][\/et_pb_row][\/et_pb_section]<\/p>\n","protected":false},"excerpt":{"rendered":"<p>Contact the team Feel free to share your questions with us using this form. Or if you prefer&#8230; Experiences and Eventsreservas@rumbopadel.com Consultations:contacto@rumbopadel.com Phone: +34 662 33 35 37Contact FormZ&amp;R EXPERIENCE AGP SL is the data controller for the personal data of data subject. Processing purposes: Maintaining a business relationship and sending service-related communications with the [&hellip;]<\/p>\n","protected":false},"author":2,"featured_media":0,"parent":0,"menu_order":0,"comment_status":"closed","ping_status":"closed","template":"","meta":{"_et_pb_use_builder":"on","_et_pb_old_content":"","_et_gb_content_width":"","footnotes":""},"class_list":["post-1303","page","type-page","status-publish","hentry"],"yoast_head":"<!-- This site is optimized with the Yoast SEO plugin v21.0 - https:\/\/yoast.com\/wordpress\/plugins\/seo\/ -->\n<title>Contact | Rumbo Padel<\/title>\n<meta name=\"description\" content=\"Contact the Rumbo Padel team and book your trip to enhance your padel skills while experiencing the city.\" \/>\n<meta name=\"robots\" content=\"index, follow, max-snippet:-1, max-image-preview:large, max-video-preview:-1\" \/>\n<link rel=\"canonical\" href=\"https:\/\/rumbopadel.com\/en\/contact\/\" \/>\n<meta property=\"og:locale\" content=\"en_US\" \/>\n<meta property=\"og:type\" content=\"article\" \/>\n<meta property=\"og:title\" content=\"Contact | Rumbo Padel\" \/>\n<meta property=\"og:description\" content=\"Contact the Rumbo Padel team and book your trip to enhance your padel skills while experiencing the city.\" \/>\n<meta property=\"og:url\" content=\"https:\/\/rumbopadel.com\/en\/contact\/\" \/>\n<meta property=\"og:site_name\" content=\"Rumbo Padel\" \/>\n<meta property=\"article:modified_time\" content=\"2023-09-26T16:54:04+00:00\" \/>\n<meta name=\"twitter:card\" content=\"summary_large_image\" \/>\n<meta name=\"twitter:label1\" content=\"Est. reading time\" \/>\n\t<meta name=\"twitter:data1\" content=\"5 minutes\" \/>\n<script type=\"application\/ld+json\" class=\"yoast-schema-graph\">{\"@context\":\"https:\/\/schema.org\",\"@graph\":[{\"@type\":\"WebPage\",\"@id\":\"https:\/\/rumbopadel.com\/en\/contact\/\",\"url\":\"https:\/\/rumbopadel.com\/en\/contact\/\",\"name\":\"Contact | Rumbo Padel\",\"isPartOf\":{\"@id\":\"https:\/\/rumbopadel.com\/en\/#website\"},\"datePublished\":\"2023-07-18T15:47:54+00:00\",\"dateModified\":\"2023-09-26T16:54:04+00:00\",\"description\":\"Contact the Rumbo Padel team and book your trip to enhance your padel skills while experiencing the city.\",\"breadcrumb\":{\"@id\":\"https:\/\/rumbopadel.com\/en\/contact\/#breadcrumb\"},\"inLanguage\":\"en-US\",\"potentialAction\":[{\"@type\":\"ReadAction\",\"target\":[\"https:\/\/rumbopadel.com\/en\/contact\/\"]}]},{\"@type\":\"BreadcrumbList\",\"@id\":\"https:\/\/rumbopadel.com\/en\/contact\/#breadcrumb\",\"itemListElement\":[{\"@type\":\"ListItem\",\"position\":1,\"name\":\"Portada\",\"item\":\"https:\/\/rumbopadel.com\/en\/\"},{\"@type\":\"ListItem\",\"position\":2,\"name\":\"Contact\"}]},{\"@type\":\"WebSite\",\"@id\":\"https:\/\/rumbopadel.com\/en\/#website\",\"url\":\"https:\/\/rumbopadel.com\/en\/\",\"name\":\"Rumbo Padel\",\"description\":\"Para\u00edso del P\u00e1del en M\u00e1laga\",\"potentialAction\":[{\"@type\":\"SearchAction\",\"target\":{\"@type\":\"EntryPoint\",\"urlTemplate\":\"https:\/\/rumbopadel.com\/en\/?s={search_term_string}\"},\"query-input\":\"required name=search_term_string\"}],\"inLanguage\":\"en-US\"}]}<\/script>\n<!-- \/ Yoast SEO plugin. -->","yoast_head_json":{"title":"Contact | Rumbo Padel","description":"Contact the Rumbo Padel team and book your trip to enhance your padel skills while experiencing the city.","robots":{"index":"index","follow":"follow","max-snippet":"max-snippet:-1","max-image-preview":"max-image-preview:large","max-video-preview":"max-video-preview:-1"},"canonical":"https:\/\/rumbopadel.com\/en\/contact\/","og_locale":"en_US","og_type":"article","og_title":"Contact | Rumbo Padel","og_description":"Contact the Rumbo Padel team and book your trip to enhance your padel skills while experiencing the city.","og_url":"https:\/\/rumbopadel.com\/en\/contact\/","og_site_name":"Rumbo Padel","article_modified_time":"2023-09-26T16:54:04+00:00","twitter_card":"summary_large_image","twitter_misc":{"Est. reading time":"5 minutes"},"schema":{"@context":"https:\/\/schema.org","@graph":[{"@type":"WebPage","@id":"https:\/\/rumbopadel.com\/en\/contact\/","url":"https:\/\/rumbopadel.com\/en\/contact\/","name":"Contact | Rumbo Padel","isPartOf":{"@id":"https:\/\/rumbopadel.com\/en\/#website"},"datePublished":"2023-07-18T15:47:54+00:00","dateModified":"2023-09-26T16:54:04+00:00","description":"Contact the Rumbo Padel team and book your trip to enhance your padel skills while experiencing the city.","breadcrumb":{"@id":"https:\/\/rumbopadel.com\/en\/contact\/#breadcrumb"},"inLanguage":"en-US","potentialAction":[{"@type":"ReadAction","target":["https:\/\/rumbopadel.com\/en\/contact\/"]}]},{"@type":"BreadcrumbList","@id":"https:\/\/rumbopadel.com\/en\/contact\/#breadcrumb","itemListElement":[{"@type":"ListItem","position":1,"name":"Portada","item":"https:\/\/rumbopadel.com\/en\/"},{"@type":"ListItem","position":2,"name":"Contact"}]},{"@type":"WebSite","@id":"https:\/\/rumbopadel.com\/en\/#website","url":"https:\/\/rumbopadel.com\/en\/","name":"Rumbo Padel","description":"Para\u00edso del P\u00e1del en M\u00e1laga","potentialAction":[{"@type":"SearchAction","target":{"@type":"EntryPoint","urlTemplate":"https:\/\/rumbopadel.com\/en\/?s={search_term_string}"},"query-input":"required name=search_term_string"}],"inLanguage":"en-US"}]}},"_links":{"self":[{"href":"https:\/\/rumbopadel.com\/en\/wp-json\/wp\/v2\/pages\/1303","targetHints":{"allow":["GET"]}}],"collection":[{"href":"https:\/\/rumbopadel.com\/en\/wp-json\/wp\/v2\/pages"}],"about":[{"href":"https:\/\/rumbopadel.com\/en\/wp-json\/wp\/v2\/types\/page"}],"author":[{"embeddable":true,"href":"https:\/\/rumbopadel.com\/en\/wp-json\/wp\/v2\/users\/2"}],"replies":[{"embeddable":true,"href":"https:\/\/rumbopadel.com\/en\/wp-json\/wp\/v2\/comments?post=1303"}],"version-history":[{"count":7,"href":"https:\/\/rumbopadel.com\/en\/wp-json\/wp\/v2\/pages\/1303\/revisions"}],"predecessor-version":[{"id":1611,"href":"https:\/\/rumbopadel.com\/en\/wp-json\/wp\/v2\/pages\/1303\/revisions\/1611"}],"wp:attachment":[{"href":"https:\/\/rumbopadel.com\/en\/wp-json\/wp\/v2\/media?parent=1303"}],"curies":[{"name":"wp","href":"https:\/\/api.w.org\/{rel}","templated":true}]}}