{"id":1300,"date":"2023-07-18T15:48:23","date_gmt":"2023-07-18T15:48:23","guid":{"rendered":"https:\/\/rumbopadel.com\/f-a-q\/"},"modified":"2023-09-12T09:18:31","modified_gmt":"2023-09-12T09:18:31","slug":"f-a-q","status":"publish","type":"page","link":"https:\/\/rumbopadel.com\/en\/f-a-q\/","title":{"rendered":"F.A.Q"},"content":{"rendered":"<p>[et_pb_section fb_built=&#8221;1&#8243; admin_label=&#8221;FAQ&#8221; _builder_version=&#8221;4.21.0&#8243; _module_preset=&#8221;default&#8221; background_color=&#8221;#F79F3E&#8221; width=&#8221;96%&#8221; module_alignment=&#8221;center&#8221; custom_margin=&#8221;0px||0px||true|false&#8221; custom_padding=&#8221;3%||3%||true|false&#8221; border_radii=&#8221;on|15px|15px|15px|15px&#8221; collapsed=&#8221;off&#8221; global_colors_info=&#8221;{}&#8221;][et_pb_row column_structure=&#8221;2_5,3_5&#8243; admin_label=&#8221;FAQ&#8221; _builder_version=&#8221;4.21.0&#8243; _module_preset=&#8221;default&#8221; background_color=&#8221;#F79F3E&#8221; width=&#8221;75%&#8221; width_tablet=&#8221;85%&#8221; width_phone=&#8221;85%&#8221; width_last_edited=&#8221;on|phone&#8221; border_radii=&#8221;on|15px|15px|15px|15px&#8221; global_colors_info=&#8221;{}&#8221;][et_pb_column type=&#8221;2_5&#8243; admin_label=&#8221;FAQ&#8221; _builder_version=&#8221;4.21.0&#8243; _module_preset=&#8221;default&#8221; global_colors_info=&#8221;{}&#8221;][et_pb_text _builder_version=&#8221;4.21.0&#8243; _module_preset=&#8221;default&#8221; global_colors_info=&#8221;{}&#8221;]<\/p>\n<h1>Frequently Questions<\/h1>\n<p>Find answers to your questions by checking the inquiries sent by other users.<\/p>\n<p>[\/et_pb_text][\/et_pb_column][et_pb_column type=&#8221;3_5&#8243; _builder_version=&#8221;4.21.0&#8243; _module_preset=&#8221;default&#8221; global_colors_info=&#8221;{}&#8221;][et_pb_accordion open_toggle_text_color=&#8221;#021C25&#8243; open_toggle_background_color=&#8221;RGBA(255,255,255,0)&#8221; closed_toggle_background_color=&#8221;RGBA(255,255,255,0)&#8221; icon_color=&#8221;#021C25&#8243; use_icon_font_size=&#8221;on&#8221; icon_font_size=&#8221;30px&#8221; _builder_version=&#8221;4.21.0&#8243; _module_preset=&#8221;default&#8221; toggle_text_color=&#8221;#021C25&#8243; custom_css_toggle=&#8221;content: %22%924c%22!important;||&#8221; custom_css_toggle_title=&#8221;font-family: %22Space Grotesk%22; ||font-weight: bold;||font-size: 24px !important;||text-transform:none;||color: #021c25;&#8221; custom_css_toggle_icon=&#8221;content: %22%924c%22!important;||font-weight: 900 !important;||color: #021c25;&#8221; border_width_all=&#8221;0px&#8221; border_color_top=&#8221;#021C25&#8243; border_width_bottom=&#8221;2px&#8221; border_color_bottom=&#8221;#021C25&#8243; global_colors_info=&#8221;{}&#8221;][et_pb_accordion_item title=&#8221;Is it possible to travel with a non-playing companion?&#8221; open=&#8221;off&#8221; _builder_version=&#8221;4.21.0&#8243; _module_preset=&#8221;default&#8221; global_colors_info=&#8221;{}&#8221;]<\/p>\n<p>Yes, you can make a reservation with a companion who doesn&#8217;t play padel. We will make hotel and activity reservations for both of you. And only for you the training sessions and matches.<\/p>\n<p>[\/et_pb_accordion_item][et_pb_accordion_item title=&#8221;Is the flight included in the reservation?&#8221; _builder_version=&#8221;4.21.0&#8243; _module_preset=&#8221;default&#8221; global_colors_info=&#8221;{}&#8221; open=&#8221;off&#8221;]<\/p>\n<p>No. The reservations only include hotel, training, and other sports, cultural, and gastronomic activities. <\/p>\n<p>[\/et_pb_accordion_item][et_pb_accordion_item title=&#8221;Will the Rumbo P\u00e1del team accompany me during my stay?&#8221; _builder_version=&#8221;4.21.0&#8243; _module_preset=&#8221;default&#8221; global_colors_info=&#8221;{}&#8221; open=&#8221;off&#8221;]<\/p>\n<p>Yes. Transfers from your hotel to the club are included in your reservation. If you require any different form of support, please inform us, and we will organize it prior to your arrival.<\/p>\n<p>[\/et_pb_accordion_item][et_pb_accordion_item title=&#8221;Are the coaches fluent in English?&#8221; _builder_version=&#8221;4.21.0&#8243; _module_preset=&#8221;default&#8221; global_colors_info=&#8221;{}&#8221; open=&#8221;on&#8221;]<\/p>\n<p>Yes, you won\u2019t have any issues communicating with them.<\/p>\n<p>[\/et_pb_accordion_item][et_pb_accordion_item title=&#8221;Is it possible to include additional training hours in my booking?&#8221; _builder_version=&#8221;4.21.0&#8243; _module_preset=&#8221;default&#8221; global_colors_info=&#8221;{}&#8221; open=&#8221;off&#8221;]<\/p>\n<p>Yes, access our <a href=\"https:\/\/rumbopadel.com\/en\/customized-reservations\/\">customized reservations<\/a> and let us know how you&#8217;d like to configure your trip.<\/p>\n<p>[\/et_pb_accordion_item][et_pb_accordion_item title=&#8221;Can I extend my stay? &#8221; _builder_version=&#8221;4.21.0&#8243; _module_preset=&#8221;default&#8221; global_colors_info=&#8221;{}&#8221; open=&#8221;off&#8221;]<\/p>\n<p>Absolutely! If you&#8217;d like to stay for a few extra days, please <a href=\"\/contato\">contact us.<\/a> We&#8217;ll make the required modifications to your booking.<\/p>\n<p>[\/et_pb_accordion_item][et_pb_accordion_item title=&#8221;Is it possible to receive lessons and play during both summer and winter?&#8221; _builder_version=&#8221;4.21.0&#8243; _module_preset=&#8221;default&#8221; global_colors_info=&#8221;{}&#8221; open=&#8221;off&#8221;]<\/p>\n<p>Yes. The <a href=\"https:\/\/rumbopadel.com\/en\/club\/\">club<\/a> has climate-controlled courts, allowing you to enjoy padel throughout the entire year.Our club has climate-controlled courts,<\/p>\n<p>[\/et_pb_accordion_item][et_pb_accordion_item title=&#8221;I don&#039;t have a racket, is it possible to rent one?&#8221; _builder_version=&#8221;4.21.0&#8243; _module_preset=&#8221;default&#8221; global_colors_info=&#8221;{}&#8221; open=&#8221;off&#8221;]<\/p>\n<p>Yes. Inform us upon your arrival, and we will arrange the equipment reservation you require to maximize your enjoyment of the experience.<\/p>\n<p>[\/et_pb_accordion_item][et_pb_accordion_item title=&#8221;Will I play against opponents of my skill level in my matches?&#8221; _builder_version=&#8221;4.21.0&#8243; _module_preset=&#8221;default&#8221; global_colors_info=&#8221;{}&#8221; open=&#8221;off&#8221;]<\/p>\n<p>Yes. The matches arranged by Rumbo Padel are designed for you to compete against opponents of a comparable skill level.<\/p>\n<p>[\/et_pb_accordion_item][\/et_pb_accordion][\/et_pb_column][\/et_pb_row][\/et_pb_section][et_pb_section fb_built=&#8221;1&#8243; admin_label=&#8221;CTA&#8221; _builder_version=&#8221;4.21.0&#8243; _module_preset=&#8221;default&#8221; background_color=&#8221;#ADFD75&#8243; width=&#8221;96%&#8221; module_alignment=&#8221;center&#8221; custom_margin=&#8221;1.5%||1.5%||true|false&#8221; custom_padding=&#8221;0px||0px||true|false&#8221; border_radii=&#8221;on|15px|15px|15px|15px&#8221; global_module=&#8221;713&#8243; collapsed=&#8221;on&#8221; global_colors_info=&#8221;{}&#8221;][et_pb_row column_structure=&#8221;2_3,1_3&#8243; admin_label=&#8221;CTA &#8221; _builder_version=&#8221;4.21.0&#8243; _module_preset=&#8221;default&#8221; background_color=&#8221;#ADFD75&#8243; width=&#8221;90%&#8221; width_tablet=&#8221;95%&#8221; width_phone=&#8221;&#8221; width_last_edited=&#8221;on|phone&#8221; custom_padding=&#8221;|3%||3%|false|true&#8221; border_radii=&#8221;on|15px|15px|15px|15px&#8221; collapsed=&#8221;on&#8221; global_colors_info=&#8221;{}&#8221;][et_pb_column type=&#8221;2_3&#8243; _builder_version=&#8221;4.21.0&#8243; _module_preset=&#8221;default&#8221; global_colors_info=&#8221;{}&#8221;][et_pb_text _builder_version=&#8221;4.21.0&#8243; _module_preset=&#8221;default&#8221; header_2_text_align=&#8221;right&#8221; header_2_line_height=&#8221;1.2em&#8221; text_orientation=&#8221;right&#8221; custom_margin=&#8221;||0px||false|false&#8221; custom_padding=&#8221;||0px||false|false&#8221; header_2_text_align_tablet=&#8221;center&#8221; header_2_text_align_phone=&#8221;&#8221; header_2_text_align_last_edited=&#8221;on|phone&#8221; global_colors_info=&#8221;{}&#8221;]<\/p>\n<h2>Ready for your most important match?<\/h2>\n<p>[\/et_pb_text][\/et_pb_column][et_pb_column type=&#8221;1_3&#8243; _builder_version=&#8221;4.21.0&#8243; _module_preset=&#8221;default&#8221; global_colors_info=&#8221;{}&#8221;][et_pb_button button_url=&#8221;@ET-DC@eyJkeW5hbWljIjp0cnVlLCJjb250ZW50IjoicG9zdF9saW5rX3VybF9wYWdlIiwic2V0dGluZ3MiOnsicG9zdF9pZCI6IjI0In19@&#8221; button_text=&#8221;\u00a1Smash!&#8221; button_alignment=&#8221;left&#8221; button_alignment_tablet=&#8221;center&#8221; button_alignment_phone=&#8221;&#8221; button_alignment_last_edited=&#8221;on|phone&#8221; _builder_version=&#8221;4.21.0&#8243; _dynamic_attributes=&#8221;button_url&#8221; _module_preset=&#8221;default&#8221; custom_button=&#8221;on&#8221; button_text_color=&#8221;#ADFD75&#8243; button_bg_color=&#8221;#021C25&#8243; button_use_icon=&#8221;off&#8221; global_colors_info=&#8221;{}&#8221; button_bg_color__hover_enabled=&#8221;on|hover&#8221; button_bg_color__hover=&#8221;#A7C7D5&#8243; button_bg_enable_color__hover=&#8221;on&#8221; button_text_color__hover_enabled=&#8221;on|hover&#8221; button_text_color__hover=&#8221;#021C25&#8243;][\/et_pb_button][\/et_pb_column][\/et_pb_row][\/et_pb_section]<\/p>\n","protected":false},"excerpt":{"rendered":"<p>Frequently Questions Find answers to your questions by checking the inquiries sent by other users.Yes, you can make a reservation with a companion who doesn&#8217;t play padel. We will make hotel and activity reservations for both of you. And only for you the training sessions and matches.No. The reservations only include hotel, training, and other [&hellip;]<\/p>\n","protected":false},"author":2,"featured_media":0,"parent":0,"menu_order":0,"comment_status":"closed","ping_status":"closed","template":"","meta":{"_et_pb_use_builder":"on","_et_pb_old_content":"","_et_gb_content_width":"","footnotes":""},"class_list":["post-1300","page","type-page","status-publish","hentry"],"yoast_head":"<!-- This site is optimized with the Yoast SEO plugin v21.0 - https:\/\/yoast.com\/wordpress\/plugins\/seo\/ -->\n<title>F.A.Q | Rumbo Padel<\/title>\n<meta name=\"robots\" content=\"index, follow, max-snippet:-1, max-image-preview:large, max-video-preview:-1\" \/>\n<link rel=\"canonical\" href=\"https:\/\/rumbopadel.com\/en\/f-a-q\/\" \/>\n<meta property=\"og:locale\" content=\"en_US\" \/>\n<meta property=\"og:type\" content=\"article\" \/>\n<meta property=\"og:title\" content=\"F.A.Q | Rumbo Padel\" \/>\n<meta property=\"og:description\" content=\"Frequently Questions Find answers to your questions by checking the inquiries sent by other users.Yes, you can make a reservation with a companion who doesn&#039;t play padel. We will make hotel and activity reservations for both of you. And only for you the training sessions and matches.No. The reservations only include hotel, training, and other [&hellip;]\" \/>\n<meta property=\"og:url\" content=\"https:\/\/rumbopadel.com\/en\/f-a-q\/\" \/>\n<meta property=\"og:site_name\" content=\"Rumbo Padel\" \/>\n<meta property=\"article:modified_time\" content=\"2023-09-12T09:18:31+00:00\" \/>\n<meta name=\"twitter:card\" content=\"summary_large_image\" \/>\n<meta name=\"twitter:label1\" content=\"Est. reading time\" \/>\n\t<meta name=\"twitter:data1\" content=\"5 minutes\" \/>\n<script type=\"application\/ld+json\" class=\"yoast-schema-graph\">{\"@context\":\"https:\/\/schema.org\",\"@graph\":[{\"@type\":\"WebPage\",\"@id\":\"https:\/\/rumbopadel.com\/en\/f-a-q\/\",\"url\":\"https:\/\/rumbopadel.com\/en\/f-a-q\/\",\"name\":\"F.A.Q | Rumbo Padel\",\"isPartOf\":{\"@id\":\"https:\/\/rumbopadel.com\/en\/#website\"},\"datePublished\":\"2023-07-18T15:48:23+00:00\",\"dateModified\":\"2023-09-12T09:18:31+00:00\",\"breadcrumb\":{\"@id\":\"https:\/\/rumbopadel.com\/en\/f-a-q\/#breadcrumb\"},\"inLanguage\":\"en-US\",\"potentialAction\":[{\"@type\":\"ReadAction\",\"target\":[\"https:\/\/rumbopadel.com\/en\/f-a-q\/\"]}]},{\"@type\":\"BreadcrumbList\",\"@id\":\"https:\/\/rumbopadel.com\/en\/f-a-q\/#breadcrumb\",\"itemListElement\":[{\"@type\":\"ListItem\",\"position\":1,\"name\":\"Portada\",\"item\":\"https:\/\/rumbopadel.com\/en\/\"},{\"@type\":\"ListItem\",\"position\":2,\"name\":\"F.A.Q\"}]},{\"@type\":\"WebSite\",\"@id\":\"https:\/\/rumbopadel.com\/en\/#website\",\"url\":\"https:\/\/rumbopadel.com\/en\/\",\"name\":\"Rumbo Padel\",\"description\":\"Para\u00edso del P\u00e1del en M\u00e1laga\",\"potentialAction\":[{\"@type\":\"SearchAction\",\"target\":{\"@type\":\"EntryPoint\",\"urlTemplate\":\"https:\/\/rumbopadel.com\/en\/?s={search_term_string}\"},\"query-input\":\"required name=search_term_string\"}],\"inLanguage\":\"en-US\"}]}<\/script>\n<!-- \/ Yoast SEO plugin. -->","yoast_head_json":{"title":"F.A.Q | Rumbo Padel","robots":{"index":"index","follow":"follow","max-snippet":"max-snippet:-1","max-image-preview":"max-image-preview:large","max-video-preview":"max-video-preview:-1"},"canonical":"https:\/\/rumbopadel.com\/en\/f-a-q\/","og_locale":"en_US","og_type":"article","og_title":"F.A.Q | Rumbo Padel","og_description":"Frequently Questions Find answers to your questions by checking the inquiries sent by other users.Yes, you can make a reservation with a companion who doesn't play padel. We will make hotel and activity reservations for both of you. And only for you the training sessions and matches.No. The reservations only include hotel, training, and other [&hellip;]","og_url":"https:\/\/rumbopadel.com\/en\/f-a-q\/","og_site_name":"Rumbo Padel","article_modified_time":"2023-09-12T09:18:31+00:00","twitter_card":"summary_large_image","twitter_misc":{"Est. reading time":"5 minutes"},"schema":{"@context":"https:\/\/schema.org","@graph":[{"@type":"WebPage","@id":"https:\/\/rumbopadel.com\/en\/f-a-q\/","url":"https:\/\/rumbopadel.com\/en\/f-a-q\/","name":"F.A.Q | Rumbo Padel","isPartOf":{"@id":"https:\/\/rumbopadel.com\/en\/#website"},"datePublished":"2023-07-18T15:48:23+00:00","dateModified":"2023-09-12T09:18:31+00:00","breadcrumb":{"@id":"https:\/\/rumbopadel.com\/en\/f-a-q\/#breadcrumb"},"inLanguage":"en-US","potentialAction":[{"@type":"ReadAction","target":["https:\/\/rumbopadel.com\/en\/f-a-q\/"]}]},{"@type":"BreadcrumbList","@id":"https:\/\/rumbopadel.com\/en\/f-a-q\/#breadcrumb","itemListElement":[{"@type":"ListItem","position":1,"name":"Portada","item":"https:\/\/rumbopadel.com\/en\/"},{"@type":"ListItem","position":2,"name":"F.A.Q"}]},{"@type":"WebSite","@id":"https:\/\/rumbopadel.com\/en\/#website","url":"https:\/\/rumbopadel.com\/en\/","name":"Rumbo Padel","description":"Para\u00edso del P\u00e1del en M\u00e1laga","potentialAction":[{"@type":"SearchAction","target":{"@type":"EntryPoint","urlTemplate":"https:\/\/rumbopadel.com\/en\/?s={search_term_string}"},"query-input":"required name=search_term_string"}],"inLanguage":"en-US"}]}},"_links":{"self":[{"href":"https:\/\/rumbopadel.com\/en\/wp-json\/wp\/v2\/pages\/1300","targetHints":{"allow":["GET"]}}],"collection":[{"href":"https:\/\/rumbopadel.com\/en\/wp-json\/wp\/v2\/pages"}],"about":[{"href":"https:\/\/rumbopadel.com\/en\/wp-json\/wp\/v2\/types\/page"}],"author":[{"embeddable":true,"href":"https:\/\/rumbopadel.com\/en\/wp-json\/wp\/v2\/users\/2"}],"replies":[{"embeddable":true,"href":"https:\/\/rumbopadel.com\/en\/wp-json\/wp\/v2\/comments?post=1300"}],"version-history":[{"count":8,"href":"https:\/\/rumbopadel.com\/en\/wp-json\/wp\/v2\/pages\/1300\/revisions"}],"predecessor-version":[{"id":1593,"href":"https:\/\/rumbopadel.com\/en\/wp-json\/wp\/v2\/pages\/1300\/revisions\/1593"}],"wp:attachment":[{"href":"https:\/\/rumbopadel.com\/en\/wp-json\/wp\/v2\/media?parent=1300"}],"curies":[{"name":"wp","href":"https:\/\/api.w.org\/{rel}","templated":true}]}}