{"id":1288,"date":"2023-07-18T15:49:23","date_gmt":"2023-07-18T15:49:23","guid":{"rendered":"https:\/\/rumbopadel.com\/customized-reservations\/"},"modified":"2023-08-23T21:18:27","modified_gmt":"2023-08-23T21:18:27","slug":"customized-reservations","status":"publish","type":"page","link":"https:\/\/rumbopadel.com\/en\/customized-reservations\/","title":{"rendered":"Customized reservations"},"content":{"rendered":"<p>[et_pb_section fb_built=&#8221;1&#8243; admin_label=&#8221;T\u00edtulo&#8221; _builder_version=&#8221;4.21.0&#8243; _module_preset=&#8221;default&#8221; background_color=&#8221;#ADFD75&#8243; width=&#8221;96%&#8221; module_alignment=&#8221;center&#8221; custom_margin=&#8221;1.5%||1.5%||true|false&#8221; custom_padding=&#8221;1.5%||1.5%||true|false&#8221; border_radii=&#8221;on|15px|15px|15px|15px&#8221; global_colors_info=&#8221;{}&#8221;][et_pb_row _builder_version=&#8221;4.21.0&#8243; _module_preset=&#8221;default&#8221; background_color=&#8221;#ADFD75&#8243; width=&#8221;50%&#8221; width_tablet=&#8221;90%&#8221; width_phone=&#8221;90%&#8221; width_last_edited=&#8221;on|phone&#8221; border_radii=&#8221;on|15px|15px|15px|15px&#8221; global_colors_info=&#8221;{}&#8221;][et_pb_column type=&#8221;4_4&#8243; _builder_version=&#8221;4.21.0&#8243; _module_preset=&#8221;default&#8221; global_colors_info=&#8221;{}&#8221;][et_pb_text module_class=&#8221;title-min&#8221; _builder_version=&#8221;4.21.0&#8243; _module_preset=&#8221;default&#8221; text_orientation=&#8221;center&#8221; custom_padding_tablet=&#8221;&#8221; custom_padding_phone=&#8221;|0px||0px|false|false&#8221; custom_padding_last_edited=&#8221;on|phone&#8221; global_colors_info=&#8221;{}&#8221;]<\/p>\n<h2>Custom Experience Form<\/h2>\n<h1>Fill the form with your preferences. We\u00b4ll get in touch with you as soon as possible.<\/h1>\n<p>[\/et_pb_text][\/et_pb_column][\/et_pb_row][\/et_pb_section][et_pb_section fb_built=&#8221;1&#8243; admin_label=&#8221;Formulario&#8221; _builder_version=&#8221;4.21.0&#8243; _module_preset=&#8221;default&#8221; background_color=&#8221;#021C25&#8243; width=&#8221;96%&#8221; module_alignment=&#8221;center&#8221; custom_margin=&#8221;1.5%||1.5%||true|false&#8221; custom_padding=&#8221;1.5%||1.5%||true|false&#8221; border_radii=&#8221;on|15px|15px|15px|15px&#8221; global_colors_info=&#8221;{}&#8221;][et_pb_row _builder_version=&#8221;4.21.0&#8243; _module_preset=&#8221;default&#8221; background_color=&#8221;#021C25&#8243; width=&#8221;50%&#8221; width_tablet=&#8221;75%&#8221; width_phone=&#8221;90%&#8221; width_last_edited=&#8221;on|phone&#8221; border_radii=&#8221;on|15px|15px|15px|15px&#8221; global_colors_info=&#8221;{}&#8221;][et_pb_column type=&#8221;4_4&#8243; _builder_version=&#8221;4.21.0&#8243; _module_preset=&#8221;default&#8221; global_colors_info=&#8221;{}&#8221;][et_pb_contact_form email=&#8221;reservas@rumbopadel.com&#8221; custom_message=&#8221;Has recibido una solicitud de RESERVA PERSONALIZADA:||et_pb_line_break_holder||||et_pb_line_break_holder||Nombre: %%Nombre%%||et_pb_line_break_holder||Apellidos: %%Apellidos%%||et_pb_line_break_holder||Email: %%Email%%||et_pb_line_break_holder||Nacionalidad: %%Nacionalidad%%||et_pb_line_break_holder||N\u00ba_Jugadores: %%N\u00ba_Jugadores%%||et_pb_line_break_holder||Acompa\u00f1antes: %%Acompa\u00f1antes%%||et_pb_line_break_holder||Fecha preferida de llegada: %%Fecha%%||et_pb_line_break_holder||D\u00edas: %%D\u00edas%%||et_pb_line_break_holder||Horas de entrenamiento al d\u00eda: %%Entrenamiento%%||et_pb_line_break_holder||Jugadores por pista: %%J_pista%%||et_pb_line_break_holder||Nivel de juego: %%Nivel%%||et_pb_line_break_holder||Participaci\u00f3n en torneos: %%Torneos%%||et_pb_line_break_holder||Categor\u00eda de hotel: %%Hotel%%||et_pb_line_break_holder||Traslado aeropuerto-hotel: %%Aeropuerto_Hotel%%||et_pb_line_break_holder||Acceso al gimnasio del club: %%Gimnasio%%||et_pb_line_break_holder||Reserva de otras actividades: %%Actividades%%||et_pb_line_break_holder||Mansaje: %%Mensaje%%||et_pb_line_break_holder||||et_pb_line_break_holder||Responde utilizando el correo que el usuario ha inclu\u00eddo en el formulario.&#8221; success_message=&#8221;Your message has been successfully sent!&#8221; _builder_version=&#8221;4.21.0&#8243; _module_preset=&#8221;default&#8221; _unique_id=&#8221;3187d345-4708-43a9-b4c7-4f80957e5913&#8243; form_field_background_color=&#8221;RGBA(255,255,255,0)&#8221; form_field_text_color=&#8221;#A7C7D5&#8243; form_field_focus_background_color=&#8221;RGBA(255,255,255,0)&#8221; form_field_focus_text_color=&#8221;#A7C7D5&#8243; title_text_color=&#8221;#A7C7D5&#8243; captcha_text_color=&#8221;#A7C7D5&#8243; form_field_font_size=&#8221;20px&#8221; background_color=&#8221;#021C25&#8243; hover_enabled=&#8221;0&#8243; border_width_bottom=&#8221;3px&#8221; border_color_bottom=&#8221;#A7C7D5&#8243; global_colors_info=&#8221;{}&#8221; sticky_enabled=&#8221;0&#8243;][et_pb_contact_field field_id=&#8221;Nombre&#8221; field_title=&#8221;Name&#8221; _builder_version=&#8221;4.21.0&#8243; global_colors_info=&#8221;{}&#8221; button_text_size__hover_enabled=&#8221;off&#8221; button_one_text_size__hover_enabled=&#8221;off&#8221; button_two_text_size__hover_enabled=&#8221;off&#8221; button_text_color__hover_enabled=&#8221;off&#8221; button_one_text_color__hover_enabled=&#8221;off&#8221; button_two_text_color__hover_enabled=&#8221;off&#8221; button_border_width__hover_enabled=&#8221;off&#8221; button_one_border_width__hover_enabled=&#8221;off&#8221; button_two_border_width__hover_enabled=&#8221;off&#8221; button_border_color__hover_enabled=&#8221;off&#8221; button_one_border_color__hover_enabled=&#8221;off&#8221; button_two_border_color__hover_enabled=&#8221;off&#8221; button_border_radius__hover_enabled=&#8221;off&#8221; button_one_border_radius__hover_enabled=&#8221;off&#8221; button_two_border_radius__hover_enabled=&#8221;off&#8221; button_letter_spacing__hover_enabled=&#8221;off&#8221; button_one_letter_spacing__hover_enabled=&#8221;off&#8221; button_two_letter_spacing__hover_enabled=&#8221;off&#8221; button_bg_color__hover_enabled=&#8221;off&#8221; button_one_bg_color__hover_enabled=&#8221;off&#8221; button_two_bg_color__hover_enabled=&#8221;off&#8221;][\/et_pb_contact_field][et_pb_contact_field field_id=&#8221;Apellidos&#8221; field_title=&#8221;First name&#8221; _builder_version=&#8221;4.21.0&#8243; global_colors_info=&#8221;{}&#8221; button_text_size__hover_enabled=&#8221;off&#8221; button_one_text_size__hover_enabled=&#8221;off&#8221; button_two_text_size__hover_enabled=&#8221;off&#8221; button_text_color__hover_enabled=&#8221;off&#8221; button_one_text_color__hover_enabled=&#8221;off&#8221; button_two_text_color__hover_enabled=&#8221;off&#8221; button_border_width__hover_enabled=&#8221;off&#8221; button_one_border_width__hover_enabled=&#8221;off&#8221; button_two_border_width__hover_enabled=&#8221;off&#8221; button_border_color__hover_enabled=&#8221;off&#8221; button_one_border_color__hover_enabled=&#8221;off&#8221; button_two_border_color__hover_enabled=&#8221;off&#8221; button_border_radius__hover_enabled=&#8221;off&#8221; button_one_border_radius__hover_enabled=&#8221;off&#8221; button_two_border_radius__hover_enabled=&#8221;off&#8221; button_letter_spacing__hover_enabled=&#8221;off&#8221; button_one_letter_spacing__hover_enabled=&#8221;off&#8221; button_two_letter_spacing__hover_enabled=&#8221;off&#8221; button_bg_color__hover_enabled=&#8221;off&#8221; button_one_bg_color__hover_enabled=&#8221;off&#8221; button_two_bg_color__hover_enabled=&#8221;off&#8221;][\/et_pb_contact_field][et_pb_contact_field field_id=&#8221;Email&#8221; field_title=&#8221;Email&#8221; field_type=&#8221;email&#8221; _builder_version=&#8221;4.21.0&#8243; global_colors_info=&#8221;{}&#8221; button_text_size__hover_enabled=&#8221;off&#8221; button_one_text_size__hover_enabled=&#8221;off&#8221; button_two_text_size__hover_enabled=&#8221;off&#8221; button_text_color__hover_enabled=&#8221;off&#8221; button_one_text_color__hover_enabled=&#8221;off&#8221; button_two_text_color__hover_enabled=&#8221;off&#8221; button_border_width__hover_enabled=&#8221;off&#8221; button_one_border_width__hover_enabled=&#8221;off&#8221; button_two_border_width__hover_enabled=&#8221;off&#8221; button_border_color__hover_enabled=&#8221;off&#8221; button_one_border_color__hover_enabled=&#8221;off&#8221; button_two_border_color__hover_enabled=&#8221;off&#8221; button_border_radius__hover_enabled=&#8221;off&#8221; button_one_border_radius__hover_enabled=&#8221;off&#8221; button_two_border_radius__hover_enabled=&#8221;off&#8221; button_letter_spacing__hover_enabled=&#8221;off&#8221; button_one_letter_spacing__hover_enabled=&#8221;off&#8221; button_two_letter_spacing__hover_enabled=&#8221;off&#8221; button_bg_color__hover_enabled=&#8221;off&#8221; button_one_bg_color__hover_enabled=&#8221;off&#8221; button_two_bg_color__hover_enabled=&#8221;off&#8221;][\/et_pb_contact_field][et_pb_contact_field field_id=&#8221;Nacionalidad&#8221; field_title=&#8221;Nationality&#8221; _builder_version=&#8221;4.21.0&#8243; _module_preset=&#8221;default&#8221; global_colors_info=&#8221;{}&#8221;][\/et_pb_contact_field][et_pb_contact_field field_id=&#8221;N\u00ba_Jugadores&#8221; field_title=&#8221;Number of Players&#8221; _builder_version=&#8221;4.21.0&#8243; _module_preset=&#8221;default&#8221; global_colors_info=&#8221;{}&#8221;][\/et_pb_contact_field][et_pb_contact_field field_id=&#8221;Acompa\u00f1antes&#8221; field_title=&#8221;Number of Companions&#8221; _builder_version=&#8221;4.21.0&#8243; _module_preset=&#8221;default&#8221; global_colors_info=&#8221;{}&#8221;][\/et_pb_contact_field][et_pb_contact_field field_id=&#8221;Fecha&#8221; field_title=&#8221;Preferred arrival date&#8221; _builder_version=&#8221;4.21.0&#8243; _module_preset=&#8221;default&#8221; global_colors_info=&#8221;{}&#8221;][\/et_pb_contact_field][et_pb_contact_field field_id=&#8221;D\u00edas&#8221; field_title=&#8221;Duration of stay in days&#8221; _builder_version=&#8221;4.21.0&#8243; _module_preset=&#8221;default&#8221; global_colors_info=&#8221;{}&#8221;][\/et_pb_contact_field][et_pb_contact_field field_id=&#8221;Entrenamiento&#8221; field_title=&#8221;Daily training hours&#8221; _builder_version=&#8221;4.21.0&#8243; _module_preset=&#8221;default&#8221; global_colors_info=&#8221;{}&#8221;][\/et_pb_contact_field][et_pb_contact_field field_id=&#8221;J_pista&#8221; field_title=&#8221;Player count per court&#8221; _builder_version=&#8221;4.21.0&#8243; _module_preset=&#8221;default&#8221; global_colors_info=&#8221;{}&#8221;][\/et_pb_contact_field][et_pb_contact_field field_id=&#8221;Nivel&#8221; field_title=&#8221;Playing level&#8221; field_type=&#8221;radio&#8221; radio_options=&#8221;%91{%22value%22:%22Beginner 1 &#8211; 3.5%22,%22checked%22:0,%22dragID%22:-1},{%22value%22:%22Medium 3.5 &#8211; 4.5%22,%22checked%22:0,%22dragID%22:0},{%22value%22:%22Hight 4.5 &#8211; 5.5%22,%22checked%22:0,%22dragID%22:1},{%22value%22:%22Professional 6 &#8211; 7%22,%22checked%22:0,%22dragID%22:2}%93&#8243; _builder_version=&#8221;4.21.0&#8243; _module_preset=&#8221;default&#8221; form_field_background_color=&#8221;RGBA(255,255,255,0)&#8221; form_field_text_color=&#8221;#A7C7D5&#8243; form_field_focus_background_color=&#8221;RGBA(255,255,255,0)&#8221; form_field_focus_text_color=&#8221;#A7C7D5&#8243; border_width_all=&#8221;2px&#8221; border_color_all=&#8221;#ADFD75&#8243; global_colors_info=&#8221;{}&#8221;][\/et_pb_contact_field][et_pb_contact_field field_id=&#8221;Torneos&#8221; field_title=&#8221;Are you interested in participating in tournaments?&#8221; field_type=&#8221;radio&#8221; radio_options=&#8221;%91{%22value%22:%22Yes%22,%22checked%22:0,%22dragID%22:-1},{%22value%22:%22No%22,%22checked%22:0,%22dragID%22:0}%93&#8243; _builder_version=&#8221;4.21.0&#8243; _module_preset=&#8221;default&#8221; form_field_background_color=&#8221;RGBA(255,255,255,0)&#8221; form_field_text_color=&#8221;#A7C7D5&#8243; form_field_focus_background_color=&#8221;RGBA(255,255,255,0)&#8221; form_field_focus_text_color=&#8221;#A7C7D5&#8243; border_width_all=&#8221;2px&#8221; border_color_all=&#8221;#ADFD75&#8243; global_colors_info=&#8221;{}&#8221;][\/et_pb_contact_field][et_pb_contact_field field_id=&#8221;Hotel&#8221; field_title=&#8221;Hotel class&#8221; field_type=&#8221;radio&#8221; radio_options=&#8221;%91{%22value%22:%22\u2605\u2605\u2605%22,%22checked%22:0,%22dragID%22:-1},{%22value%22:%22\u2605\u2605\u2605\u2605%22,%22checked%22:0,%22dragID%22:0},{%22value%22:%22\u2605\u2605\u2605\u2605\u2605%22,%22checked%22:0,%22dragID%22:1}%93&#8243; _builder_version=&#8221;4.21.0&#8243; _module_preset=&#8221;default&#8221; form_field_background_color=&#8221;RGBA(255,255,255,0)&#8221; form_field_text_color=&#8221;#A7C7D5&#8243; form_field_focus_background_color=&#8221;RGBA(255,255,255,0)&#8221; form_field_focus_text_color=&#8221;#A7C7D5&#8243; border_width_all=&#8221;2px&#8221; border_color_all=&#8221;#ADFD75&#8243; global_colors_info=&#8221;{}&#8221;][\/et_pb_contact_field][et_pb_contact_field field_id=&#8221;Aeropuerto_Hotel&#8221; field_title=&#8221;Airport-Hotel Transfer&#8221; field_type=&#8221;radio&#8221; radio_options=&#8221;%91{%22value%22:%22Yes%22,%22checked%22:0,%22dragID%22:-1},{%22value%22:%22No%22,%22checked%22:0,%22dragID%22:0}%93&#8243; _builder_version=&#8221;4.21.0&#8243; _module_preset=&#8221;default&#8221; form_field_background_color=&#8221;RGBA(255,255,255,0)&#8221; form_field_text_color=&#8221;#A7C7D5&#8243; form_field_focus_background_color=&#8221;RGBA(255,255,255,0)&#8221; form_field_focus_text_color=&#8221;#A7C7D5&#8243; border_width_all=&#8221;2px&#8221; border_color_all=&#8221;#ADFD75&#8243; global_colors_info=&#8221;{}&#8221;][\/et_pb_contact_field][et_pb_contact_field field_id=&#8221;Gimnasio&#8221; field_title=&#8221;Access to the club&#039;s gym&#8221; field_type=&#8221;radio&#8221; radio_options=&#8221;%91{%22value%22:%22Yes%22,%22checked%22:0,%22dragID%22:-1},{%22value%22:%22No%22,%22checked%22:0,%22dragID%22:0}%93&#8243; _builder_version=&#8221;4.21.0&#8243; _module_preset=&#8221;default&#8221; form_field_background_color=&#8221;RGBA(255,255,255,0)&#8221; form_field_text_color=&#8221;#A7C7D5&#8243; form_field_focus_background_color=&#8221;RGBA(255,255,255,0)&#8221; form_field_focus_text_color=&#8221;#A7C7D5&#8243; border_width_all=&#8221;2px&#8221; border_color_all=&#8221;#ADFD75&#8243; global_colors_info=&#8221;{}&#8221;][\/et_pb_contact_field][et_pb_contact_field field_id=&#8221;Actividades&#8221; field_title=&#8221;Choose additional activities:&#8221; field_type=&#8221;checkbox&#8221; checkbox_options=&#8221;%91{%22value%22:%22Gastronomic routes%22,%22checked%22:0,%22dragID%22:0},{%22value%22:%22Shows%22,%22checked%22:0,%22dragID%22:0},{%22value%22:%22Visits to points of interest%22,%22checked%22:0,%22dragID%22:1},{%22value%22:%22Outdoor activities%22,%22checked%22:0,%22dragID%22:2}%93&#8243; required_mark=&#8221;off&#8221; _builder_version=&#8221;4.21.0&#8243; _module_preset=&#8221;default&#8221; form_field_background_color=&#8221;RGBA(255,255,255,0)&#8221; form_field_text_color=&#8221;#A7C7D5&#8243; form_field_focus_background_color=&#8221;RGBA(255,255,255,0)&#8221; form_field_focus_text_color=&#8221;#A7C7D5&#8243; border_width_all=&#8221;2px&#8221; border_color_all=&#8221;#ADFD75&#8243; global_colors_info=&#8221;{}&#8221;][\/et_pb_contact_field][et_pb_contact_field field_id=&#8221;Mensaje&#8221; field_title=&#8221;Share more about your player experience.&#8221; field_type=&#8221;text&#8221; fullwidth_field=&#8221;on&#8221; _builder_version=&#8221;4.21.0&#8243; global_colors_info=&#8221;{}&#8221; button_text_size__hover_enabled=&#8221;off&#8221; button_one_text_size__hover_enabled=&#8221;off&#8221; button_two_text_size__hover_enabled=&#8221;off&#8221; button_text_color__hover_enabled=&#8221;off&#8221; button_one_text_color__hover_enabled=&#8221;off&#8221; button_two_text_color__hover_enabled=&#8221;off&#8221; button_border_width__hover_enabled=&#8221;off&#8221; button_one_border_width__hover_enabled=&#8221;off&#8221; button_two_border_width__hover_enabled=&#8221;off&#8221; button_border_color__hover_enabled=&#8221;off&#8221; button_one_border_color__hover_enabled=&#8221;off&#8221; button_two_border_color__hover_enabled=&#8221;off&#8221; button_border_radius__hover_enabled=&#8221;off&#8221; button_one_border_radius__hover_enabled=&#8221;off&#8221; button_two_border_radius__hover_enabled=&#8221;off&#8221; button_letter_spacing__hover_enabled=&#8221;off&#8221; button_one_letter_spacing__hover_enabled=&#8221;off&#8221; button_two_letter_spacing__hover_enabled=&#8221;off&#8221; button_bg_color__hover_enabled=&#8221;off&#8221; button_one_bg_color__hover_enabled=&#8221;off&#8221; button_two_bg_color__hover_enabled=&#8221;off&#8221;][\/et_pb_contact_field][et_pb_contact_field field_id=&#8221;RGPD&#8221; field_title=&#8221; &#8221; field_type=&#8221;checkbox&#8221; checkbox_options=&#8221;%91{%22value%22:%22 I have read and agreed the Privacy Policy. %22,%22checked%22:0,%22dragID%22:-1,%22link_url%22:%22https:\\\/\\\/rumbopadel.com\\\/policy-privacy\\\/%22}%93&#8243; fullwidth_field=&#8221;on&#8221; _builder_version=&#8221;4.21.0&#8243; _module_preset=&#8221;default&#8221; border_width_all=&#8221;2px&#8221; border_color_all=&#8221;#ADFD75&#8243; global_colors_info=&#8221;{}&#8221;][\/et_pb_contact_field][\/et_pb_contact_form][et_pb_text module_class=&#8221;p-extramin&#8221; _builder_version=&#8221;4.21.0&#8243; _module_preset=&#8221;default&#8221; text_text_color=&#8221;#A7C7D5&#8243; link_text_color=&#8221;#ADFD75&#8243; text_orientation=&#8221;justified&#8221; global_colors_info=&#8221;{}&#8221;]<\/p>\n<p><strong>Z&amp;R EXPERIENCE AGP SL<\/strong> is the data controller for the personal data of data subject. <strong>Processing purposes:<\/strong> Maintaining a business relationship and sending service-related communications with the data subject&#8217;s consent. <strong>Legitimacy of processing:<\/strong> With the data subject&#8217;s consent. <strong>Data sharing:<\/strong> We will not share your information with third parties, except for third-party owned cookies or when legally obligated. <strong>User&#8217;s entitlements:<\/strong> The right to revoke consent, access, rectify, portability, and delete their data, as well as the right to restrict or object to its processing. <strong>Contact information to exercise your rights:<\/strong> Email: <a href=\"mailto:contacto@rumbopadel.com\">contacto@rumbopadel.com<\/a>. You can find additional information about our data protection policy here: <a href=\"https:\/\/rumbopadel.com\/policy-privacy\/\">Privacy Policy<\/a><\/p>\n<p>[\/et_pb_text][\/et_pb_column][\/et_pb_row][\/et_pb_section]<\/p>\n","protected":false},"excerpt":{"rendered":"<p>Custom Experience Form Fill the form with your preferences. We\u00b4ll get in touch with you as soon as possible.Z&amp;R EXPERIENCE AGP SL is the data controller for the personal data of data subject. Processing purposes: Maintaining a business relationship and sending service-related communications with the data subject&#8217;s consent. Legitimacy of processing: With the data subject&#8217;s [&hellip;]<\/p>\n","protected":false},"author":2,"featured_media":0,"parent":0,"menu_order":0,"comment_status":"closed","ping_status":"closed","template":"","meta":{"_et_pb_use_builder":"on","_et_pb_old_content":"","_et_gb_content_width":"","footnotes":""},"class_list":["post-1288","page","type-page","status-publish","hentry"],"yoast_head":"<!-- This site is optimized with the Yoast SEO plugin v21.0 - https:\/\/yoast.com\/wordpress\/plugins\/seo\/ -->\n<title>Book your Padel Experience in Malaga. | Rumbo Padel<\/title>\n<meta name=\"description\" content=\"Immerse yourself in the city&#039;s charm as you enhance your game in a vibrant and challenging environment with top-notch coaches.\" \/>\n<meta name=\"robots\" content=\"index, follow, max-snippet:-1, max-image-preview:large, max-video-preview:-1\" \/>\n<link rel=\"canonical\" href=\"https:\/\/rumbopadel.com\/en\/customized-reservations\/\" \/>\n<meta property=\"og:locale\" content=\"en_US\" \/>\n<meta property=\"og:type\" content=\"article\" \/>\n<meta property=\"og:title\" content=\"Book your Padel Experience in Malaga. | Rumbo Padel\" \/>\n<meta property=\"og:description\" content=\"Immerse yourself in the city&#039;s charm as you enhance your game in a vibrant and challenging environment with top-notch coaches.\" \/>\n<meta property=\"og:url\" content=\"https:\/\/rumbopadel.com\/en\/customized-reservations\/\" \/>\n<meta property=\"og:site_name\" content=\"Rumbo Padel\" \/>\n<meta property=\"article:modified_time\" content=\"2023-08-23T21:18:27+00:00\" \/>\n<meta name=\"twitter:card\" content=\"summary_large_image\" \/>\n<meta name=\"twitter:label1\" content=\"Est. reading time\" \/>\n\t<meta name=\"twitter:data1\" content=\"10 minutes\" \/>\n<script type=\"application\/ld+json\" class=\"yoast-schema-graph\">{\"@context\":\"https:\/\/schema.org\",\"@graph\":[{\"@type\":\"WebPage\",\"@id\":\"https:\/\/rumbopadel.com\/en\/customized-reservations\/\",\"url\":\"https:\/\/rumbopadel.com\/en\/customized-reservations\/\",\"name\":\"Book your Padel Experience in Malaga. | Rumbo Padel\",\"isPartOf\":{\"@id\":\"https:\/\/rumbopadel.com\/en\/#website\"},\"datePublished\":\"2023-07-18T15:49:23+00:00\",\"dateModified\":\"2023-08-23T21:18:27+00:00\",\"description\":\"Immerse yourself in the city's charm as you enhance your game in a vibrant and challenging environment with top-notch coaches.\",\"breadcrumb\":{\"@id\":\"https:\/\/rumbopadel.com\/en\/customized-reservations\/#breadcrumb\"},\"inLanguage\":\"en-US\",\"potentialAction\":[{\"@type\":\"ReadAction\",\"target\":[\"https:\/\/rumbopadel.com\/en\/customized-reservations\/\"]}]},{\"@type\":\"BreadcrumbList\",\"@id\":\"https:\/\/rumbopadel.com\/en\/customized-reservations\/#breadcrumb\",\"itemListElement\":[{\"@type\":\"ListItem\",\"position\":1,\"name\":\"Portada\",\"item\":\"https:\/\/rumbopadel.com\/en\/\"},{\"@type\":\"ListItem\",\"position\":2,\"name\":\"Customized reservations\"}]},{\"@type\":\"WebSite\",\"@id\":\"https:\/\/rumbopadel.com\/en\/#website\",\"url\":\"https:\/\/rumbopadel.com\/en\/\",\"name\":\"Rumbo Padel\",\"description\":\"Para\u00edso del P\u00e1del en M\u00e1laga\",\"potentialAction\":[{\"@type\":\"SearchAction\",\"target\":{\"@type\":\"EntryPoint\",\"urlTemplate\":\"https:\/\/rumbopadel.com\/en\/?s={search_term_string}\"},\"query-input\":\"required name=search_term_string\"}],\"inLanguage\":\"en-US\"}]}<\/script>\n<!-- \/ Yoast SEO plugin. -->","yoast_head_json":{"title":"Book your Padel Experience in Malaga. | Rumbo Padel","description":"Immerse yourself in the city's charm as you enhance your game in a vibrant and challenging environment with top-notch coaches.","robots":{"index":"index","follow":"follow","max-snippet":"max-snippet:-1","max-image-preview":"max-image-preview:large","max-video-preview":"max-video-preview:-1"},"canonical":"https:\/\/rumbopadel.com\/en\/customized-reservations\/","og_locale":"en_US","og_type":"article","og_title":"Book your Padel Experience in Malaga. | Rumbo Padel","og_description":"Immerse yourself in the city's charm as you enhance your game in a vibrant and challenging environment with top-notch coaches.","og_url":"https:\/\/rumbopadel.com\/en\/customized-reservations\/","og_site_name":"Rumbo Padel","article_modified_time":"2023-08-23T21:18:27+00:00","twitter_card":"summary_large_image","twitter_misc":{"Est. reading time":"10 minutes"},"schema":{"@context":"https:\/\/schema.org","@graph":[{"@type":"WebPage","@id":"https:\/\/rumbopadel.com\/en\/customized-reservations\/","url":"https:\/\/rumbopadel.com\/en\/customized-reservations\/","name":"Book your Padel Experience in Malaga. | Rumbo Padel","isPartOf":{"@id":"https:\/\/rumbopadel.com\/en\/#website"},"datePublished":"2023-07-18T15:49:23+00:00","dateModified":"2023-08-23T21:18:27+00:00","description":"Immerse yourself in the city's charm as you enhance your game in a vibrant and challenging environment with top-notch coaches.","breadcrumb":{"@id":"https:\/\/rumbopadel.com\/en\/customized-reservations\/#breadcrumb"},"inLanguage":"en-US","potentialAction":[{"@type":"ReadAction","target":["https:\/\/rumbopadel.com\/en\/customized-reservations\/"]}]},{"@type":"BreadcrumbList","@id":"https:\/\/rumbopadel.com\/en\/customized-reservations\/#breadcrumb","itemListElement":[{"@type":"ListItem","position":1,"name":"Portada","item":"https:\/\/rumbopadel.com\/en\/"},{"@type":"ListItem","position":2,"name":"Customized reservations"}]},{"@type":"WebSite","@id":"https:\/\/rumbopadel.com\/en\/#website","url":"https:\/\/rumbopadel.com\/en\/","name":"Rumbo Padel","description":"Para\u00edso del P\u00e1del en M\u00e1laga","potentialAction":[{"@type":"SearchAction","target":{"@type":"EntryPoint","urlTemplate":"https:\/\/rumbopadel.com\/en\/?s={search_term_string}"},"query-input":"required name=search_term_string"}],"inLanguage":"en-US"}]}},"_links":{"self":[{"href":"https:\/\/rumbopadel.com\/en\/wp-json\/wp\/v2\/pages\/1288","targetHints":{"allow":["GET"]}}],"collection":[{"href":"https:\/\/rumbopadel.com\/en\/wp-json\/wp\/v2\/pages"}],"about":[{"href":"https:\/\/rumbopadel.com\/en\/wp-json\/wp\/v2\/types\/page"}],"author":[{"embeddable":true,"href":"https:\/\/rumbopadel.com\/en\/wp-json\/wp\/v2\/users\/2"}],"replies":[{"embeddable":true,"href":"https:\/\/rumbopadel.com\/en\/wp-json\/wp\/v2\/comments?post=1288"}],"version-history":[{"count":29,"href":"https:\/\/rumbopadel.com\/en\/wp-json\/wp\/v2\/pages\/1288\/revisions"}],"predecessor-version":[{"id":1433,"href":"https:\/\/rumbopadel.com\/en\/wp-json\/wp\/v2\/pages\/1288\/revisions\/1433"}],"wp:attachment":[{"href":"https:\/\/rumbopadel.com\/en\/wp-json\/wp\/v2\/media?parent=1288"}],"curies":[{"name":"wp","href":"https:\/\/api.w.org\/{rel}","templated":true}]}}